{"id":3367,"date":"2025-12-03T15:09:58","date_gmt":"2025-12-03T14:09:58","guid":{"rendered":"https:\/\/llamber.com\/?page_id=3367"},"modified":"2025-12-03T17:06:14","modified_gmt":"2025-12-03T16:06:14","slug":"menu-de-noche-vieja","status":"publish","type":"page","link":"https:\/\/llamber.com\/eng\/menu-de-noche-vieja\/","title":{"rendered":"Men\u00fa de Noche Vieja"},"content":{"rendered":"<div data-elementor-type=\"wp-page\" data-elementor-id=\"3367\" class=\"elementor elementor-3367\">\n\t\t\t\t\t\t<section class=\"elementor-section elementor-top-section elementor-element elementor-element-3147fc7b elementor-section-height-min-height elementor-section-boxed elementor-section-height-default elementor-section-items-middle\" data-id=\"3147fc7b\" data-element_type=\"section\" data-settings=\"{&quot;background_background&quot;:&quot;classic&quot;}\">\n\t\t\t\t\t\t<div class=\"elementor-container elementor-column-gap-default\">\n\t\t\t\t\t<div class=\"elementor-column elementor-col-100 elementor-top-column elementor-element elementor-element-7e342d1c\" data-id=\"7e342d1c\" data-element_type=\"column\">\n\t\t\t<div class=\"elementor-widget-wrap elementor-element-populated\">\n\t\t\t\t\t\t<div class=\"elementor-element elementor-element-52926f5 elementor-widget elementor-widget-text-editor\" data-id=\"52926f5\" data-element_type=\"widget\" data-widget_type=\"text-editor.default\">\n\t\t\t\t<div class=\"elementor-widget-container\">\n\t\t\t<style>\/*! elementor - v3.22.0 - 24-06-2024 *\/\n.elementor-widget-text-editor.elementor-drop-cap-view-stacked .elementor-drop-cap{background-color:#69727d;color:#fff}.elementor-widget-text-editor.elementor-drop-cap-view-framed .elementor-drop-cap{color:#69727d;border:3px solid;background-color:transparent}.elementor-widget-text-editor:not(.elementor-drop-cap-view-default) .elementor-drop-cap{margin-top:8px}.elementor-widget-text-editor:not(.elementor-drop-cap-view-default) .elementor-drop-cap-letter{width:1em;height:1em}.elementor-widget-text-editor .elementor-drop-cap{float:left;text-align:center;line-height:1;font-size:50px}.elementor-widget-text-editor .elementor-drop-cap-letter{display:inline-block}<\/style>\t\t\t\t<h4 class=\"elementor-heading-title elementor-size-default elementor-inline-editing pen\" style=\"text-align: center;\" contenteditable=\"true\" data-elementor-setting-key=\"title\" data-pen-placeholder=\"Teclea aqu\u00ed...\"><span style=\"font-size: 36pt;\"><span style=\"font-family: bell; color: #999999; font-size: 24pt;\">&#8211;\u00a0 <span style=\"text-decoration: underline;\">NEW YEAR'S EVE MENU<\/span>\u00a0 &#8211;<br \/><\/span>\u200b<\/span><\/h4><p style=\"text-align: center;\"><span style=\"font-family: bell; font-size: 22pt; letter-spacing: 10px; color: #959798;\">APPETIZERS TO SHARE<\/span><\/p>\t\t\t\t\t\t<\/div>\n\t\t\t\t<\/div>\n\t\t\t\t<div class=\"elementor-element elementor-element-44bc495 elementor-widget elementor-widget-text-editor\" data-id=\"44bc495\" data-element_type=\"widget\" data-widget_type=\"text-editor.default\">\n\t\t\t\t<div class=\"elementor-widget-container\">\n\t\t\t\t\t\t\t<p style=\"text-align: center;\"><span style=\"font-family: bell; font-size: 18pt; color: #959798;\">Coca bread with tomato and extra virgin olive oil foam<\/span><\/p><p style=\"text-align: center;\"><span style=\"font-family: bell; font-size: 18pt; color: #959798;\">French oyster with amazu mignonette and jalape\u00f1o<\/span><\/p><p style=\"text-align: center;\"><span style=\"font-family: bell; font-size: 18pt; color: #959798;\">Matured beef tartare with cured egg yolk and caviar<\/span><\/p><p style=\"text-align: center;\"><span style=\"font-family: bell; font-size: 18pt; color: #959798;\">Red prawn sashimi with burnt sage butter<\/span><\/p><p style=\"text-align: center;\"><span style=\"font-family: bell; font-size: 18pt; color: #959798;\">\"Joselito\" ham croquette<\/span><\/p>\t\t\t\t\t\t<\/div>\n\t\t\t\t<\/div>\n\t\t\t\t<div class=\"elementor-element elementor-element-7cb44da elementor-widget elementor-widget-text-editor\" data-id=\"7cb44da\" data-element_type=\"widget\" data-widget_type=\"text-editor.default\">\n\t\t\t\t<div class=\"elementor-widget-container\">\n\t\t\t\t\t\t\t<p style=\"text-align: center;\"><span style=\"font-family: bell; font-size: 22pt; letter-spacing: 10px; color: #959798;\">INDIVIDUAL TASTING<\/span><\/p>\t\t\t\t\t\t<\/div>\n\t\t\t\t<\/div>\n\t\t\t\t<div class=\"elementor-element elementor-element-3f3e82b elementor-widget elementor-widget-text-editor\" data-id=\"3f3e82b\" data-element_type=\"widget\" data-widget_type=\"text-editor.default\">\n\t\t\t\t<div class=\"elementor-widget-container\">\n\t\t\t\t\t\t\t<p style=\"text-align: center;\"><span style=\"font-family: bell; font-size: 18pt; color: #959798;\">Spider crab ravioli with cider beurre blanc and herring roe<\/span><\/p><p style=\"text-align: center;\"><span style=\"font-family: bell; font-size: 18pt; color: #959798;\">Turbot ribs with piparra pepper pil-pil sauce, clams and grilled vegetables<\/span><\/p><p style=\"text-align: center;\"><span style=\"font-family: bell; font-size: 18pt; color: #959798;\">Beef tenderloin with truffled potatoe puree, sauce made from its own bones, and lotus chips<\/span><\/p>\t\t\t\t\t\t<\/div>\n\t\t\t\t<\/div>\n\t\t\t\t<div class=\"elementor-element elementor-element-cfe77ed elementor-widget elementor-widget-text-editor\" data-id=\"cfe77ed\" data-element_type=\"widget\" data-widget_type=\"text-editor.default\">\n\t\t\t\t<div class=\"elementor-widget-container\">\n\t\t\t\t\t\t\t<p style=\"text-align: center;\"><span style=\"font-family: bell; font-size: 22pt; letter-spacing: 10px; color: #959798;\">SWEET MOMENT<\/span><\/p>\t\t\t\t\t\t<\/div>\n\t\t\t\t<\/div>\n\t\t\t\t<div class=\"elementor-element elementor-element-5aeb017 elementor-widget elementor-widget-text-editor\" data-id=\"5aeb017\" data-element_type=\"widget\" data-widget_type=\"text-editor.default\">\n\t\t\t\t<div class=\"elementor-widget-container\">\n\t\t\t\t\t\t\t<p style=\"text-align: center;\"><span style=\"font-family: bell; font-size: 18pt; color: #959798;\">Chocolate texture ingot with orange and goat's milk ice cream<br \/><br \/>Nopugat and wafers<br \/><br \/>\u2026and the grapes for the bells<\/span><\/p><p>\u00a0<\/p>\t\t\t\t\t\t<\/div>\n\t\t\t\t<\/div>\n\t\t\t\t<div class=\"elementor-element elementor-element-85db553 elementor-widget elementor-widget-text-editor\" data-id=\"85db553\" data-element_type=\"widget\" data-widget_type=\"text-editor.default\">\n\t\t\t\t<div class=\"elementor-widget-container\">\n\t\t\t\t\t\t\t<h4 class=\"elementor-heading-title elementor-size-default elementor-inline-editing pen\" style=\"text-align: center;\" contenteditable=\"true\" data-elementor-setting-key=\"title\" data-pen-placeholder=\"Teclea aqu\u00ed...\"><span style=\"font-size: 36pt;\"><span style=\"font-family: bell; color: #999999; font-size: 24pt;\">&#8211;\u00a0 <span style=\"text-decoration: underline;\">OUR WINERY<\/span>\u00a0 &#8211;<\/span><\/span><\/h4>\t\t\t\t\t\t<\/div>\n\t\t\t\t<\/div>\n\t\t\t\t<div class=\"elementor-element elementor-element-555682d elementor-widget elementor-widget-text-editor\" data-id=\"555682d\" data-element_type=\"widget\" data-widget_type=\"text-editor.default\">\n\t\t\t\t<div class=\"elementor-widget-container\">\n\t\t\t\t\t\t\t<p style=\"text-align: center;\"><span style=\"font-family: bell; font-size: 18pt; color: #959798;\"><span style=\"color: #000000;\">Loxarell<\/span> &#8211; D.O. Pened\u00e9s &#8211; 100% Xarel.lo\u00a0 2022<\/span><\/p>\t\t\t\t\t\t<\/div>\n\t\t\t\t<\/div>\n\t\t\t\t<div class=\"elementor-element elementor-element-6f530f9 elementor-widget elementor-widget-text-editor\" data-id=\"6f530f9\" data-element_type=\"widget\" data-widget_type=\"text-editor.default\">\n\t\t\t\t<div class=\"elementor-widget-container\">\n\t\t\t\t\t\t\t<p style=\"text-align: center;\"><span style=\"font-family: bell; font-size: 18pt; color: #959798;\"><span style=\"color: #000000;\">Zarate<\/span> &#8211; D.O. Rias Baixas &#8211; 100% Albari\u00f1o.\u00a0 2024<\/span><\/p>\t\t\t\t\t\t<\/div>\n\t\t\t\t<\/div>\n\t\t\t\t<div class=\"elementor-element elementor-element-98995d0 elementor-widget elementor-widget-text-editor\" data-id=\"98995d0\" data-element_type=\"widget\" data-widget_type=\"text-editor.default\">\n\t\t\t\t<div class=\"elementor-widget-container\">\n\t\t\t\t\t\t\t<p style=\"text-align: center;\"><span style=\"font-family: bell; font-size: 18pt; color: #959798;\"><span style=\"color: #000000;\">La formiga del Vellut<\/span> &#8211; D.O. Priorat Ecol\u00f3gico<br \/>&#8211; Garnacha, Cari\u00f1ena y Syrah. 2021-<\/span><\/p>\t\t\t\t\t\t<\/div>\n\t\t\t\t<\/div>\n\t\t\t\t<div class=\"elementor-element elementor-element-903003a elementor-widget elementor-widget-text-editor\" data-id=\"903003a\" data-element_type=\"widget\" data-widget_type=\"text-editor.default\">\n\t\t\t\t<div class=\"elementor-widget-container\">\n\t\t\t\t\t\t\t<p style=\"text-align: center;\"><span style=\"font-family: bell; font-size: 36pt; letter-spacing: 1px; color: #959798;\">150\u20ac<\/span><\/p><p style=\"text-align: center;\"><span style=\"font-family: bell; font-size: 36pt; letter-spacing: 1px; color: #959798;\"><em><span style=\"font-size: 18pt;\">per person<br \/><\/span><\/em><\/span><\/p>\t\t\t\t\t\t<\/div>\n\t\t\t\t<\/div>\n\t\t\t\t\t<\/div>\n\t\t<\/div>\n\t\t\t\t\t<\/div>\n\t\t<\/section>\n\t\t\t\t<section class=\"elementor-section elementor-inner-section elementor-element elementor-element-21e6527f menu-list elementor-section-height-min-height elementor-section-boxed elementor-section-height-default\" data-id=\"21e6527f\" data-element_type=\"section\" data-settings=\"{&quot;background_background&quot;:&quot;classic&quot;}\">\n\t\t\t\t\t\t<div class=\"elementor-container elementor-column-gap-default\">\n\t\t\t\t\t<div class=\"elementor-column elementor-col-100 elementor-inner-column elementor-element elementor-element-2e73314\" data-id=\"2e73314\" data-element_type=\"column\">\n\t\t\t<div class=\"elementor-widget-wrap elementor-element-populated\">\n\t\t\t\t\t\t<section class=\"elementor-section elementor-inner-section elementor-element elementor-element-8e6de72 menu-list elementor-section-height-min-height elementor-section-boxed elementor-section-height-default\" data-id=\"8e6de72\" data-element_type=\"section\" data-settings=\"{&quot;background_background&quot;:&quot;classic&quot;}\">\n\t\t\t\t\t\t<div class=\"elementor-container elementor-column-gap-default\">\n\t\t\t\t\t<div class=\"elementor-column elementor-col-100 elementor-inner-column elementor-element elementor-element-d3faf9d\" data-id=\"d3faf9d\" data-element_type=\"column\">\n\t\t\t<div class=\"elementor-widget-wrap elementor-element-populated\">\n\t\t\t\t\t\t<div class=\"elementor-element elementor-element-d38cee4 elementor-widget elementor-widget-text-editor\" data-id=\"d38cee4\" data-element_type=\"widget\" data-widget_type=\"text-editor.default\">\n\t\t\t\t<div class=\"elementor-widget-container\">\n\t\t\t\t\t\t\t<p style=\"text-align: center;\"><span style=\"font-family: bell; font-size: 18pt; color: #666 !important;\">Telephone for group bookings: <strong>637 019 314\n<\/strong><\/span><br><br><span style=\"font-family: bell; font-size: 18pt; color: #666 !important;\">\nemail: <a href=\"mailto:eventosllamber@llamber.com\">eventosllamber@llamber.com<\/a><\/span><\/p>\t\t\t\t\t\t<\/div>\n\t\t\t\t<\/div>\n\t\t\t\t<div class=\"elementor-element elementor-element-f373b9e elementor-widget elementor-widget-text-editor\" data-id=\"f373b9e\" data-element_type=\"widget\" data-widget_type=\"text-editor.default\">\n\t\t\t\t<div class=\"elementor-widget-container\">\n\t\t\t\t\t\t\t<p style=\"text-align: center;\">\u00a0<\/p><p style=\"text-align: center;\">\u00a0<\/p>\t\t\t\t\t\t<\/div>\n\t\t\t\t<\/div>\n\t\t\t\t\t<\/div>\n\t\t<\/div>\n\t\t\t\t\t<\/div>\n\t\t<\/section>\n\t\t\t\t\t<\/div>\n\t\t<\/div>\n\t\t\t\t\t<\/div>\n\t\t<\/section>\n\t\t\t\t<section class=\"elementor-section elementor-top-section elementor-element elementor-element-1eeb3407 elementor-section-boxed elementor-section-height-default elementor-section-height-default\" data-id=\"1eeb3407\" data-element_type=\"section\" data-settings=\"{&quot;background_background&quot;:&quot;classic&quot;}\">\n\t\t\t\t\t\t<div class=\"elementor-container elementor-column-gap-default\">\n\t\t\t\t\t<div class=\"elementor-column elementor-col-100 elementor-top-column elementor-element elementor-element-23ee0d1a\" data-id=\"23ee0d1a\" data-element_type=\"column\">\n\t\t\t<div class=\"elementor-widget-wrap elementor-element-populated\">\n\t\t\t\t\t\t<section class=\"elementor-section elementor-inner-section elementor-element elementor-element-5fa466d0 elementor-section-boxed elementor-section-height-default elementor-section-height-default\" data-id=\"5fa466d0\" data-element_type=\"section\">\n\t\t\t\t\t\t<div class=\"elementor-container elementor-column-gap-default\">\n\t\t\t\t\t<div class=\"elementor-column elementor-col-33 elementor-inner-column elementor-element elementor-element-feed19e\" data-id=\"feed19e\" data-element_type=\"column\">\n\t\t\t<div class=\"elementor-widget-wrap elementor-element-populated\">\n\t\t\t\t\t\t<div class=\"elementor-element elementor-element-1bd3c51b elementor-widget elementor-widget-text-editor\" data-id=\"1bd3c51b\" data-element_type=\"widget\" data-widget_type=\"text-editor.default\">\n\t\t\t\t<div class=\"elementor-widget-container\">\n\t\t\t\t\t\t\t<p style=\"text-align: center;\"><span style=\"font-family: bell; color: #454545;\"><a style=\"color: #454545;\" href=\"https:\/\/llamber.com\/aviso-legal\/\">LEGAL WARNING<\/a><\/span><\/p>\t\t\t\t\t\t<\/div>\n\t\t\t\t<\/div>\n\t\t\t\t\t<\/div>\n\t\t<\/div>\n\t\t\t\t<div class=\"elementor-column elementor-col-33 elementor-inner-column elementor-element elementor-element-4be6e92e\" data-id=\"4be6e92e\" data-element_type=\"column\">\n\t\t\t<div class=\"elementor-widget-wrap elementor-element-populated\">\n\t\t\t\t\t\t<div class=\"elementor-element elementor-element-44a5227f elementor-widget elementor-widget-text-editor\" data-id=\"44a5227f\" data-element_type=\"widget\" data-widget_type=\"text-editor.default\">\n\t\t\t\t<div class=\"elementor-widget-container\">\n\t\t\t\t\t\t\t<p style=\"text-align: center;\"><a href=\"https:\/\/llamber.com\/politica-de-cookies\/\"><span style=\"font-family: bell; color: #454545;\">COOKIES POLICY<\/span><\/a><\/p>\t\t\t\t\t\t<\/div>\n\t\t\t\t<\/div>\n\t\t\t\t\t<\/div>\n\t\t<\/div>\n\t\t\t\t<div class=\"elementor-column elementor-col-33 elementor-inner-column elementor-element elementor-element-9a70e0b\" data-id=\"9a70e0b\" data-element_type=\"column\">\n\t\t\t<div class=\"elementor-widget-wrap elementor-element-populated\">\n\t\t\t\t\t\t<div class=\"elementor-element elementor-element-62d7c1d2 elementor-widget elementor-widget-text-editor\" data-id=\"62d7c1d2\" data-element_type=\"widget\" data-widget_type=\"text-editor.default\">\n\t\t\t\t<div class=\"elementor-widget-container\">\n\t\t\t\t\t\t\t<p style=\"text-align: center;\"><span style=\"color: #454545;\"><a style=\"color: #454545;\" href=\"https:\/\/llamber.com\/politica-de-privacidad\/\"><span style=\"font-family: bell;\">PRIVACY POLICY<\/span><\/a><\/span><\/p>\t\t\t\t\t\t<\/div>\n\t\t\t\t<\/div>\n\t\t\t\t\t<\/div>\n\t\t<\/div>\n\t\t\t\t\t<\/div>\n\t\t<\/section>\n\t\t\t\t\t<\/div>\n\t\t<\/div>\n\t\t\t\t\t<\/div>\n\t\t<\/section>\n\t\t\t\t<\/div>","protected":false},"excerpt":{"rendered":"<p>&#8211;\u00a0 MEN\u00da DE NOCHEVIEJA\u00a0 &#8211;\u200b APERITIVOS PARA COMPARTIR Pan de coca con tomate y espuma de aceite de oliva extra virgen Ostra francesa con mignonette de amazu y jalape\u00f1o Tartar de vaca madurada con yema de huevo curada y caviar Sashimi de gamba roja con mantequilla quemada de salvia Croqueta de jam\u00f3n \u00abjoselito\u00bb DEGUSTACI\u00d3N INDIVIDUAL&#8230;<\/p>","protected":false},"author":4,"featured_media":0,"parent":0,"menu_order":0,"comment_status":"closed","ping_status":"closed","template":"elementor_header_footer","meta":{"_links_to":"","_links_to_target":""},"yoast_head":"<!-- This site is optimized with the Yoast SEO plugin v20.6 - https:\/\/yoast.com\/wordpress\/plugins\/seo\/ -->\n<title>Llamber - Men\u00fa de Noche Vieja<\/title>\n<meta name=\"description\" content=\"Desde aqu\u00ed podr\u00e1s consultar nuestra carta y descubrir las creaciones que tenemos para t\u00ed...\" \/>\n<meta name=\"robots\" content=\"index, follow, max-snippet:-1, max-image-preview:large, max-video-preview:-1\" \/>\n<link rel=\"canonical\" href=\"https:\/\/llamber.com\/eng\/menu-de-noche-vieja\/\" \/>\n<meta property=\"og:locale\" content=\"en_GB\" \/>\n<meta property=\"og:type\" content=\"article\" \/>\n<meta property=\"og:title\" content=\"Llamber - Men\u00fa de Noche Vieja\" \/>\n<meta property=\"og:description\" content=\"Desde aqu\u00ed podr\u00e1s consultar nuestra carta y descubrir las creaciones que tenemos para t\u00ed...\" \/>\n<meta property=\"og:url\" content=\"https:\/\/llamber.com\/eng\/menu-de-noche-vieja\/\" \/>\n<meta property=\"og:site_name\" content=\"Taberna Llamber\" \/>\n<meta property=\"article:publisher\" content=\"https:\/\/es-es.facebook.com\/llamberbarcelona\/\" \/>\n<meta property=\"article:modified_time\" content=\"2025-12-03T16:06:14+00:00\" \/>\n<meta name=\"twitter:card\" content=\"summary_large_image\" \/>\n<meta name=\"twitter:label1\" content=\"Estimated reading time\" \/>\n\t<meta name=\"twitter:data1\" content=\"1 minute\" \/>\n<script type=\"application\/ld+json\" class=\"yoast-schema-graph\">{\"@context\":\"https:\/\/schema.org\",\"@graph\":[{\"@type\":\"WebPage\",\"@id\":\"https:\/\/llamber.com\/menu-de-noche-vieja\/\",\"url\":\"https:\/\/llamber.com\/menu-de-noche-vieja\/\",\"name\":\"Llamber - Men\u00fa de Noche Vieja\",\"isPartOf\":{\"@id\":\"https:\/\/llamber.com\/#website\"},\"datePublished\":\"2025-12-03T14:09:58+00:00\",\"dateModified\":\"2025-12-03T16:06:14+00:00\",\"description\":\"Desde aqu\u00ed podr\u00e1s consultar nuestra carta y descubrir las creaciones que tenemos para t\u00ed...\",\"breadcrumb\":{\"@id\":\"https:\/\/llamber.com\/menu-de-noche-vieja\/#breadcrumb\"},\"inLanguage\":\"en-GB\",\"potentialAction\":[{\"@type\":\"ReadAction\",\"target\":[\"https:\/\/llamber.com\/menu-de-noche-vieja\/\"]}]},{\"@type\":\"BreadcrumbList\",\"@id\":\"https:\/\/llamber.com\/menu-de-noche-vieja\/#breadcrumb\",\"itemListElement\":[{\"@type\":\"ListItem\",\"position\":1,\"name\":\"Portada\",\"item\":\"https:\/\/llamber.com\/\"},{\"@type\":\"ListItem\",\"position\":2,\"name\":\"Men\u00fa de Noche Vieja\"}]},{\"@type\":\"WebSite\",\"@id\":\"https:\/\/llamber.com\/#website\",\"url\":\"https:\/\/llamber.com\/\",\"name\":\"Taberna Llamber\",\"description\":\"Restaurante asturiano en Barcelona\",\"publisher\":{\"@id\":\"https:\/\/llamber.com\/#organization\"},\"potentialAction\":[{\"@type\":\"SearchAction\",\"target\":{\"@type\":\"EntryPoint\",\"urlTemplate\":\"https:\/\/llamber.com\/?s={search_term_string}\"},\"query-input\":\"required name=search_term_string\"}],\"inLanguage\":\"en-GB\"},{\"@type\":\"Organization\",\"@id\":\"https:\/\/llamber.com\/#organization\",\"name\":\"Taberna Llamber\",\"url\":\"https:\/\/llamber.com\/\",\"logo\":{\"@type\":\"ImageObject\",\"inLanguage\":\"en-GB\",\"@id\":\"https:\/\/llamber.com\/#\/schema\/logo\/image\/\",\"url\":\"https:\/\/llamber.com\/wp-content\/uploads\/2022\/06\/cropped-logo-llamber.png\",\"contentUrl\":\"https:\/\/llamber.com\/wp-content\/uploads\/2022\/06\/cropped-logo-llamber.png\",\"width\":447,\"height\":150,\"caption\":\"Taberna Llamber\"},\"image\":{\"@id\":\"https:\/\/llamber.com\/#\/schema\/logo\/image\/\"},\"sameAs\":[\"https:\/\/es-es.facebook.com\/llamberbarcelona\/\",\"https:\/\/www.instagram.com\/llamber_restaurant_barcelona\/?hl=es\"]}]}<\/script>\n<!-- \/ Yoast SEO plugin. -->","yoast_head_json":{"title":"Llamber - Men\u00fa de Noche Vieja","description":"Desde aqu\u00ed podr\u00e1s consultar nuestra carta y descubrir las creaciones que tenemos para t\u00ed...","robots":{"index":"index","follow":"follow","max-snippet":"max-snippet:-1","max-image-preview":"max-image-preview:large","max-video-preview":"max-video-preview:-1"},"canonical":"https:\/\/llamber.com\/eng\/menu-de-noche-vieja\/","og_locale":"en_GB","og_type":"article","og_title":"Llamber - Men\u00fa de Noche Vieja","og_description":"Desde aqu\u00ed podr\u00e1s consultar nuestra carta y descubrir las creaciones que tenemos para t\u00ed...","og_url":"https:\/\/llamber.com\/eng\/menu-de-noche-vieja\/","og_site_name":"Taberna Llamber","article_publisher":"https:\/\/es-es.facebook.com\/llamberbarcelona\/","article_modified_time":"2025-12-03T16:06:14+00:00","twitter_card":"summary_large_image","twitter_misc":{"Estimated reading time":"1 minute"},"schema":{"@context":"https:\/\/schema.org","@graph":[{"@type":"WebPage","@id":"https:\/\/llamber.com\/menu-de-noche-vieja\/","url":"https:\/\/llamber.com\/menu-de-noche-vieja\/","name":"Llamber - Men\u00fa de Noche Vieja","isPartOf":{"@id":"https:\/\/llamber.com\/#website"},"datePublished":"2025-12-03T14:09:58+00:00","dateModified":"2025-12-03T16:06:14+00:00","description":"Desde aqu\u00ed podr\u00e1s consultar nuestra carta y descubrir las creaciones que tenemos para t\u00ed...","breadcrumb":{"@id":"https:\/\/llamber.com\/menu-de-noche-vieja\/#breadcrumb"},"inLanguage":"en-GB","potentialAction":[{"@type":"ReadAction","target":["https:\/\/llamber.com\/menu-de-noche-vieja\/"]}]},{"@type":"BreadcrumbList","@id":"https:\/\/llamber.com\/menu-de-noche-vieja\/#breadcrumb","itemListElement":[{"@type":"ListItem","position":1,"name":"Portada","item":"https:\/\/llamber.com\/"},{"@type":"ListItem","position":2,"name":"Men\u00fa de Noche Vieja"}]},{"@type":"WebSite","@id":"https:\/\/llamber.com\/#website","url":"https:\/\/llamber.com\/","name":"Taberna Llamber","description":"Restaurante asturiano en Barcelona","publisher":{"@id":"https:\/\/llamber.com\/#organization"},"potentialAction":[{"@type":"SearchAction","target":{"@type":"EntryPoint","urlTemplate":"https:\/\/llamber.com\/?s={search_term_string}"},"query-input":"required name=search_term_string"}],"inLanguage":"en-GB"},{"@type":"Organization","@id":"https:\/\/llamber.com\/#organization","name":"Taberna Llamber","url":"https:\/\/llamber.com\/","logo":{"@type":"ImageObject","inLanguage":"en-GB","@id":"https:\/\/llamber.com\/#\/schema\/logo\/image\/","url":"https:\/\/llamber.com\/wp-content\/uploads\/2022\/06\/cropped-logo-llamber.png","contentUrl":"https:\/\/llamber.com\/wp-content\/uploads\/2022\/06\/cropped-logo-llamber.png","width":447,"height":150,"caption":"Taberna Llamber"},"image":{"@id":"https:\/\/llamber.com\/#\/schema\/logo\/image\/"},"sameAs":["https:\/\/es-es.facebook.com\/llamberbarcelona\/","https:\/\/www.instagram.com\/llamber_restaurant_barcelona\/?hl=es"]}]}},"_links":{"self":[{"href":"https:\/\/llamber.com\/eng\/wp-json\/wp\/v2\/pages\/3367"}],"collection":[{"href":"https:\/\/llamber.com\/eng\/wp-json\/wp\/v2\/pages"}],"about":[{"href":"https:\/\/llamber.com\/eng\/wp-json\/wp\/v2\/types\/page"}],"author":[{"embeddable":true,"href":"https:\/\/llamber.com\/eng\/wp-json\/wp\/v2\/users\/4"}],"replies":[{"embeddable":true,"href":"https:\/\/llamber.com\/eng\/wp-json\/wp\/v2\/comments?post=3367"}],"version-history":[{"count":49,"href":"https:\/\/llamber.com\/eng\/wp-json\/wp\/v2\/pages\/3367\/revisions"}],"predecessor-version":[{"id":3418,"href":"https:\/\/llamber.com\/eng\/wp-json\/wp\/v2\/pages\/3367\/revisions\/3418"}],"wp:attachment":[{"href":"https:\/\/llamber.com\/eng\/wp-json\/wp\/v2\/media?parent=3367"}],"curies":[{"name":"wp","href":"https:\/\/api.w.org\/{rel}","templated":true}]}}