{"id":2494,"date":"2023-12-05T00:17:52","date_gmt":"2023-12-04T23:17:52","guid":{"rendered":"https:\/\/llamber.com\/?page_id=2494"},"modified":"2024-01-10T15:28:37","modified_gmt":"2024-01-10T14:28:37","slug":"menu-llamber","status":"publish","type":"page","link":"https:\/\/llamber.com\/cat\/menu-llamber\/","title":{"rendered":"Men\u00fa Llamber"},"content":{"rendered":"\t\t<div data-elementor-type=\"wp-page\" data-elementor-id=\"2494\" class=\"elementor elementor-2494\">\n\t\t\t\t\t\t<section class=\"elementor-section elementor-top-section elementor-element elementor-element-3147fc7b elementor-section-height-min-height elementor-section-boxed elementor-section-height-default elementor-section-items-middle\" data-id=\"3147fc7b\" data-element_type=\"section\" data-settings=\"{&quot;background_background&quot;:&quot;classic&quot;}\">\n\t\t\t\t\t\t<div class=\"elementor-container elementor-column-gap-default\">\n\t\t\t\t\t<div class=\"elementor-column elementor-col-100 elementor-top-column elementor-element elementor-element-7e342d1c\" data-id=\"7e342d1c\" data-element_type=\"column\">\n\t\t\t<div class=\"elementor-widget-wrap elementor-element-populated\">\n\t\t\t\t\t\t<div class=\"elementor-element elementor-element-7153880a elementor-widget elementor-widget-heading\" data-id=\"7153880a\" data-element_type=\"widget\" data-widget_type=\"heading.default\">\n\t\t\t\t<div class=\"elementor-widget-container\">\n\t\t\t<style>\/*! elementor - v3.22.0 - 24-06-2024 *\/\n.elementor-heading-title{padding:0;margin:0;line-height:1}.elementor-widget-heading .elementor-heading-title[class*=elementor-size-]>a{color:inherit;font-size:inherit;line-height:inherit}.elementor-widget-heading .elementor-heading-title.elementor-size-small{font-size:15px}.elementor-widget-heading .elementor-heading-title.elementor-size-medium{font-size:19px}.elementor-widget-heading .elementor-heading-title.elementor-size-large{font-size:29px}.elementor-widget-heading .elementor-heading-title.elementor-size-xl{font-size:39px}.elementor-widget-heading .elementor-heading-title.elementor-size-xxl{font-size:59px}<\/style><h4 class=\"elementor-heading-title elementor-size-default\">MEN\u00da LLAMBER<\/h4>\t\t<\/div>\n\t\t\t\t<\/div>\n\t\t\t\t<div class=\"elementor-element elementor-element-52926f5 elementor-widget elementor-widget-text-editor\" data-id=\"52926f5\" data-element_type=\"widget\" data-widget_type=\"text-editor.default\">\n\t\t\t\t<div class=\"elementor-widget-container\">\n\t\t\t<style>\/*! elementor - v3.22.0 - 24-06-2024 *\/\n.elementor-widget-text-editor.elementor-drop-cap-view-stacked .elementor-drop-cap{background-color:#69727d;color:#fff}.elementor-widget-text-editor.elementor-drop-cap-view-framed .elementor-drop-cap{color:#69727d;border:3px solid;background-color:transparent}.elementor-widget-text-editor:not(.elementor-drop-cap-view-default) .elementor-drop-cap{margin-top:8px}.elementor-widget-text-editor:not(.elementor-drop-cap-view-default) .elementor-drop-cap-letter{width:1em;height:1em}.elementor-widget-text-editor .elementor-drop-cap{float:left;text-align:center;line-height:1;font-size:50px}.elementor-widget-text-editor .elementor-drop-cap-letter{display:inline-block}<\/style>\t\t\t\t<p style=\"text-align: center;\"><span style=\"font-family: bell; font-size: 25pt; letter-spacing: 10px; color: #959798;\">PRIMEROS <em>(a elegir)<\/em><\/span><\/p>\t\t\t\t\t\t<\/div>\n\t\t\t\t<\/div>\n\t\t\t\t<div class=\"elementor-element elementor-element-44bc495 elementor-widget elementor-widget-text-editor\" data-id=\"44bc495\" data-element_type=\"widget\" data-widget_type=\"text-editor.default\">\n\t\t\t\t<div class=\"elementor-widget-container\">\n\t\t\t\t\t\t\t<p style=\"text-align: center;\"><span style=\"font-family: bell; font-size: 18pt; color: #959798;\">Pasta con salm\u00f3n y crema de sidra con eneldo<\/span><\/p><p style=\"text-align: center;\"><span style=\"font-family: bell; font-size: 18pt; color: #959798;\">\u00a0<\/span><\/p><p style=\"text-align: center;\"><span style=\"color: #959798; font-family: bell;\"><span style=\"font-size: 24px;\">Crema de calabaza con cacahuete y curry<\/span><\/span><\/p><p style=\"text-align: center;\"><span style=\"font-family: bell; font-size: 18pt; color: #959798;\">\u00a0<\/span><\/p><p style=\"text-align: center;\"><span style=\"font-family: bell; font-size: 18pt; color: #959798;\">Ensalada de brotes con pollo Asturiano escabechado<\/span><\/p>\t\t\t\t\t\t<\/div>\n\t\t\t\t<\/div>\n\t\t\t\t<div class=\"elementor-element elementor-element-7cb44da elementor-widget elementor-widget-text-editor\" data-id=\"7cb44da\" data-element_type=\"widget\" data-widget_type=\"text-editor.default\">\n\t\t\t\t<div class=\"elementor-widget-container\">\n\t\t\t\t\t\t\t<p style=\"text-align: center;\"><span style=\"font-family: bell; font-size: 25pt; letter-spacing: 10px; color: #959798;\">SEGUNDOS <em>(a elegir)<\/em><\/span><\/p>\t\t\t\t\t\t<\/div>\n\t\t\t\t<\/div>\n\t\t\t\t<div class=\"elementor-element elementor-element-3f3e82b elementor-widget elementor-widget-text-editor\" data-id=\"3f3e82b\" data-element_type=\"widget\" data-widget_type=\"text-editor.default\">\n\t\t\t\t<div class=\"elementor-widget-container\">\n\t\t\t\t\t\t\t<p style=\"text-align: center;\"><span style=\"font-family: bell; font-size: 18pt; color: #959798;\">Rape al All \u00abcremat\u00bb<br \/><\/span><br \/><span style=\"font-family: bell; font-size: 18pt; color: #959798;\">Canelones de carne de escudella y shitake\u00a0<br \/><\/span><br \/><span style=\"font-family: bell; font-size: 18pt; color: #959798;\">Fideu\u00e1 con alcachofa\u00a0<\/span><\/p>\t\t\t\t\t\t<\/div>\n\t\t\t\t<\/div>\n\t\t\t\t<div class=\"elementor-element elementor-element-cfe77ed elementor-widget elementor-widget-text-editor\" data-id=\"cfe77ed\" data-element_type=\"widget\" data-widget_type=\"text-editor.default\">\n\t\t\t\t<div class=\"elementor-widget-container\">\n\t\t\t\t\t\t\t<p style=\"text-align: center;\"><span style=\"font-family: bell; font-size: 25pt; letter-spacing: 10px; color: #959798;\">POSTRES <em>(a elegir)<\/em><\/span><\/p>\t\t\t\t\t\t<\/div>\n\t\t\t\t<\/div>\n\t\t\t\t<div class=\"elementor-element elementor-element-5aeb017 elementor-widget elementor-widget-text-editor\" data-id=\"5aeb017\" data-element_type=\"widget\" data-widget_type=\"text-editor.default\">\n\t\t\t\t<div class=\"elementor-widget-container\">\n\t\t\t\t\t\t\t<p style=\"text-align: center;\"><span style=\"font-family: bell; font-size: 18pt; color: #959798;\">Arroz con leche<br><\/span><br><span style=\"font-family: bell; font-size: 18pt; color: #959798;\">Tarta de queso<br><\/span><br><font color=\"#959798\" face=\"bell\"><span style=\"font-size: 24px;\">Espuma de chocolate caliente y helado de brioche&nbsp;<\/span><\/font><\/p>\t\t\t\t\t\t<\/div>\n\t\t\t\t<\/div>\n\t\t\t\t<div class=\"elementor-element elementor-element-441ad66 elementor-widget elementor-widget-text-editor\" data-id=\"441ad66\" data-element_type=\"widget\" data-widget_type=\"text-editor.default\">\n\t\t\t\t<div class=\"elementor-widget-container\">\n\t\t\t\t\t\t\t<p style=\"text-align: center;\"><span style=\"font-family: bell; font-size: 36pt; letter-spacing: 1px; color: #959798;\">22\u20ac<br \/><em><span style=\"font-size: 18pt;\">(por persona)<br \/>Incluye: Pan, bebida (vino, agua o cerveza)<br \/><\/span><\/em><\/span><\/p><p>\u00a0<\/p>\t\t\t\t\t\t<\/div>\n\t\t\t\t<\/div>\n\t\t\t\t\t<\/div>\n\t\t<\/div>\n\t\t\t\t\t<\/div>\n\t\t<\/section>\n\t\t\t\t<section class=\"elementor-section elementor-inner-section elementor-element elementor-element-21e6527f menu-list elementor-section-height-min-height elementor-section-boxed elementor-section-height-default\" data-id=\"21e6527f\" data-element_type=\"section\" data-settings=\"{&quot;background_background&quot;:&quot;classic&quot;}\">\n\t\t\t\t\t\t<div class=\"elementor-container elementor-column-gap-default\">\n\t\t\t\t\t<div class=\"elementor-column elementor-col-100 elementor-inner-column elementor-element elementor-element-2e73314\" data-id=\"2e73314\" data-element_type=\"column\">\n\t\t\t<div class=\"elementor-widget-wrap\">\n\t\t\t\t\t\t\t<\/div>\n\t\t<\/div>\n\t\t\t\t\t<\/div>\n\t\t<\/section>\n\t\t\t\t<section class=\"elementor-section elementor-top-section elementor-element elementor-element-1eeb3407 elementor-section-boxed elementor-section-height-default elementor-section-height-default\" data-id=\"1eeb3407\" data-element_type=\"section\" data-settings=\"{&quot;background_background&quot;:&quot;classic&quot;}\">\n\t\t\t\t\t\t<div class=\"elementor-container elementor-column-gap-default\">\n\t\t\t\t\t<div class=\"elementor-column elementor-col-100 elementor-top-column elementor-element elementor-element-23ee0d1a\" data-id=\"23ee0d1a\" data-element_type=\"column\">\n\t\t\t<div class=\"elementor-widget-wrap elementor-element-populated\">\n\t\t\t\t\t\t<section class=\"elementor-section elementor-inner-section elementor-element elementor-element-5fa466d0 elementor-section-boxed elementor-section-height-default elementor-section-height-default\" data-id=\"5fa466d0\" data-element_type=\"section\">\n\t\t\t\t\t\t<div class=\"elementor-container elementor-column-gap-default\">\n\t\t\t\t\t<div class=\"elementor-column elementor-col-33 elementor-inner-column elementor-element elementor-element-feed19e\" data-id=\"feed19e\" data-element_type=\"column\">\n\t\t\t<div class=\"elementor-widget-wrap elementor-element-populated\">\n\t\t\t\t\t\t<div class=\"elementor-element elementor-element-1bd3c51b elementor-widget elementor-widget-text-editor\" data-id=\"1bd3c51b\" data-element_type=\"widget\" data-widget_type=\"text-editor.default\">\n\t\t\t\t<div class=\"elementor-widget-container\">\n\t\t\t\t\t\t\t<p style=\"text-align: center;\"><span style=\"font-family: bell; color: #454545;\"><a style=\"color: #454545;\" href=\"https:\/\/llamber.com\/aviso-legal\/\">AVISO LEGAL<\/a><\/span><\/p>\t\t\t\t\t\t<\/div>\n\t\t\t\t<\/div>\n\t\t\t\t\t<\/div>\n\t\t<\/div>\n\t\t\t\t<div class=\"elementor-column elementor-col-33 elementor-inner-column elementor-element elementor-element-4be6e92e\" data-id=\"4be6e92e\" data-element_type=\"column\">\n\t\t\t<div class=\"elementor-widget-wrap elementor-element-populated\">\n\t\t\t\t\t\t<div class=\"elementor-element elementor-element-44a5227f elementor-widget elementor-widget-text-editor\" data-id=\"44a5227f\" data-element_type=\"widget\" data-widget_type=\"text-editor.default\">\n\t\t\t\t<div class=\"elementor-widget-container\">\n\t\t\t\t\t\t\t<p style=\"text-align: center;\"><a href=\"https:\/\/llamber.com\/politica-de-cookies\/\"><span style=\"font-family: bell; color: #454545;\">POL\u00cdTICA DE COOKIES<\/span><\/a><\/p>\t\t\t\t\t\t<\/div>\n\t\t\t\t<\/div>\n\t\t\t\t\t<\/div>\n\t\t<\/div>\n\t\t\t\t<div class=\"elementor-column elementor-col-33 elementor-inner-column elementor-element elementor-element-9a70e0b\" data-id=\"9a70e0b\" data-element_type=\"column\">\n\t\t\t<div class=\"elementor-widget-wrap elementor-element-populated\">\n\t\t\t\t\t\t<div class=\"elementor-element elementor-element-62d7c1d2 elementor-widget elementor-widget-text-editor\" data-id=\"62d7c1d2\" data-element_type=\"widget\" data-widget_type=\"text-editor.default\">\n\t\t\t\t<div class=\"elementor-widget-container\">\n\t\t\t\t\t\t\t<p style=\"text-align: center;\"><span style=\"color: #454545;\"><a style=\"color: #454545;\" href=\"https:\/\/llamber.com\/politica-de-privacidad\/\"><span style=\"font-family: bell;\">POL\u00cdTICA DE PRIVACIDAD<\/span><\/a><\/span><\/p>\t\t\t\t\t\t<\/div>\n\t\t\t\t<\/div>\n\t\t\t\t\t<\/div>\n\t\t<\/div>\n\t\t\t\t\t<\/div>\n\t\t<\/section>\n\t\t\t\t\t<\/div>\n\t\t<\/div>\n\t\t\t\t\t<\/div>\n\t\t<\/section>\n\t\t\t\t<\/div>\n\t\t","protected":false},"excerpt":{"rendered":"<p>MEN\u00da LLAMBER PRIMEROS (a elegir) Pasta con salm\u00f3n y crema de sidra con eneldo \u00a0 Crema de calabaza con cacahuete y curry \u00a0 Ensalada de brotes con pollo Asturiano escabechado SEGUNDOS (a elegir) Rape al All \u00abcremat\u00bb Canelones de carne de escudella y shitake\u00a0 Fideu\u00e1 con alcachofa\u00a0 POSTRES (a elegir) Arroz con leche Tarta de&#8230;<\/p>","protected":false},"author":4,"featured_media":0,"parent":0,"menu_order":0,"comment_status":"closed","ping_status":"closed","template":"elementor_header_footer","meta":{"_links_to":"","_links_to_target":""},"yoast_head":"<!-- This site is optimized with the Yoast SEO plugin v20.6 - https:\/\/yoast.com\/wordpress\/plugins\/seo\/ -->\n<title>Llamber - Men\u00fa Llamber<\/title>\n<meta name=\"description\" content=\"Desde aqu\u00ed podr\u00e1s consultar nuestra carta y descubrir las creaciones que tenemos para t\u00ed...\" \/>\n<meta name=\"robots\" content=\"index, follow, max-snippet:-1, max-image-preview:large, max-video-preview:-1\" \/>\n<link rel=\"canonical\" href=\"https:\/\/llamber.com\/cat\/menu-llamber\/\" \/>\n<meta property=\"og:locale\" content=\"ca_ES\" \/>\n<meta property=\"og:type\" content=\"article\" \/>\n<meta property=\"og:title\" content=\"Llamber - Men\u00fa Llamber\" \/>\n<meta property=\"og:description\" content=\"Desde aqu\u00ed podr\u00e1s consultar nuestra carta y descubrir las creaciones que tenemos para t\u00ed...\" \/>\n<meta property=\"og:url\" content=\"https:\/\/llamber.com\/cat\/menu-llamber\/\" \/>\n<meta property=\"og:site_name\" content=\"Taberna Llamber\" \/>\n<meta property=\"article:publisher\" content=\"https:\/\/es-es.facebook.com\/llamberbarcelona\/\" \/>\n<meta property=\"article:modified_time\" content=\"2024-01-10T14:28:37+00:00\" \/>\n<meta name=\"twitter:card\" content=\"summary_large_image\" \/>\n<meta name=\"twitter:label1\" content=\"Temps estimat de lectura\" \/>\n\t<meta name=\"twitter:data1\" content=\"1 minut\" \/>\n<script type=\"application\/ld+json\" class=\"yoast-schema-graph\">{\"@context\":\"https:\/\/schema.org\",\"@graph\":[{\"@type\":\"WebPage\",\"@id\":\"https:\/\/llamber.com\/menu-llamber\/\",\"url\":\"https:\/\/llamber.com\/menu-llamber\/\",\"name\":\"Llamber - Men\u00fa Llamber\",\"isPartOf\":{\"@id\":\"https:\/\/llamber.com\/#website\"},\"datePublished\":\"2023-12-04T23:17:52+00:00\",\"dateModified\":\"2024-01-10T14:28:37+00:00\",\"description\":\"Desde aqu\u00ed podr\u00e1s consultar nuestra carta y descubrir las creaciones que tenemos para t\u00ed...\",\"breadcrumb\":{\"@id\":\"https:\/\/llamber.com\/menu-llamber\/#breadcrumb\"},\"inLanguage\":\"ca\",\"potentialAction\":[{\"@type\":\"ReadAction\",\"target\":[\"https:\/\/llamber.com\/menu-llamber\/\"]}]},{\"@type\":\"BreadcrumbList\",\"@id\":\"https:\/\/llamber.com\/menu-llamber\/#breadcrumb\",\"itemListElement\":[{\"@type\":\"ListItem\",\"position\":1,\"name\":\"Portada\",\"item\":\"https:\/\/llamber.com\/\"},{\"@type\":\"ListItem\",\"position\":2,\"name\":\"Men\u00fa Llamber\"}]},{\"@type\":\"WebSite\",\"@id\":\"https:\/\/llamber.com\/#website\",\"url\":\"https:\/\/llamber.com\/\",\"name\":\"Taberna Llamber\",\"description\":\"Restaurante asturiano en Barcelona\",\"publisher\":{\"@id\":\"https:\/\/llamber.com\/#organization\"},\"potentialAction\":[{\"@type\":\"SearchAction\",\"target\":{\"@type\":\"EntryPoint\",\"urlTemplate\":\"https:\/\/llamber.com\/?s={search_term_string}\"},\"query-input\":\"required name=search_term_string\"}],\"inLanguage\":\"ca\"},{\"@type\":\"Organization\",\"@id\":\"https:\/\/llamber.com\/#organization\",\"name\":\"Taberna Llamber\",\"url\":\"https:\/\/llamber.com\/\",\"logo\":{\"@type\":\"ImageObject\",\"inLanguage\":\"ca\",\"@id\":\"https:\/\/llamber.com\/#\/schema\/logo\/image\/\",\"url\":\"https:\/\/llamber.com\/wp-content\/uploads\/2022\/06\/cropped-logo-llamber.png\",\"contentUrl\":\"https:\/\/llamber.com\/wp-content\/uploads\/2022\/06\/cropped-logo-llamber.png\",\"width\":447,\"height\":150,\"caption\":\"Taberna Llamber\"},\"image\":{\"@id\":\"https:\/\/llamber.com\/#\/schema\/logo\/image\/\"},\"sameAs\":[\"https:\/\/es-es.facebook.com\/llamberbarcelona\/\",\"https:\/\/www.instagram.com\/llamber_restaurant_barcelona\/?hl=es\"]}]}<\/script>\n<!-- \/ Yoast SEO plugin. -->","yoast_head_json":{"title":"Llamber - Men\u00fa Llamber","description":"Desde aqu\u00ed podr\u00e1s consultar nuestra carta y descubrir las creaciones que tenemos para t\u00ed...","robots":{"index":"index","follow":"follow","max-snippet":"max-snippet:-1","max-image-preview":"max-image-preview:large","max-video-preview":"max-video-preview:-1"},"canonical":"https:\/\/llamber.com\/cat\/menu-llamber\/","og_locale":"ca_ES","og_type":"article","og_title":"Llamber - Men\u00fa Llamber","og_description":"Desde aqu\u00ed podr\u00e1s consultar nuestra carta y descubrir las creaciones que tenemos para t\u00ed...","og_url":"https:\/\/llamber.com\/cat\/menu-llamber\/","og_site_name":"Taberna Llamber","article_publisher":"https:\/\/es-es.facebook.com\/llamberbarcelona\/","article_modified_time":"2024-01-10T14:28:37+00:00","twitter_card":"summary_large_image","twitter_misc":{"Temps estimat de lectura":"1 minut"},"schema":{"@context":"https:\/\/schema.org","@graph":[{"@type":"WebPage","@id":"https:\/\/llamber.com\/menu-llamber\/","url":"https:\/\/llamber.com\/menu-llamber\/","name":"Llamber - Men\u00fa Llamber","isPartOf":{"@id":"https:\/\/llamber.com\/#website"},"datePublished":"2023-12-04T23:17:52+00:00","dateModified":"2024-01-10T14:28:37+00:00","description":"Desde aqu\u00ed podr\u00e1s consultar nuestra carta y descubrir las creaciones que tenemos para t\u00ed...","breadcrumb":{"@id":"https:\/\/llamber.com\/menu-llamber\/#breadcrumb"},"inLanguage":"ca","potentialAction":[{"@type":"ReadAction","target":["https:\/\/llamber.com\/menu-llamber\/"]}]},{"@type":"BreadcrumbList","@id":"https:\/\/llamber.com\/menu-llamber\/#breadcrumb","itemListElement":[{"@type":"ListItem","position":1,"name":"Portada","item":"https:\/\/llamber.com\/"},{"@type":"ListItem","position":2,"name":"Men\u00fa Llamber"}]},{"@type":"WebSite","@id":"https:\/\/llamber.com\/#website","url":"https:\/\/llamber.com\/","name":"Taberna Llamber","description":"Restaurante asturiano en Barcelona","publisher":{"@id":"https:\/\/llamber.com\/#organization"},"potentialAction":[{"@type":"SearchAction","target":{"@type":"EntryPoint","urlTemplate":"https:\/\/llamber.com\/?s={search_term_string}"},"query-input":"required name=search_term_string"}],"inLanguage":"ca"},{"@type":"Organization","@id":"https:\/\/llamber.com\/#organization","name":"Taberna Llamber","url":"https:\/\/llamber.com\/","logo":{"@type":"ImageObject","inLanguage":"ca","@id":"https:\/\/llamber.com\/#\/schema\/logo\/image\/","url":"https:\/\/llamber.com\/wp-content\/uploads\/2022\/06\/cropped-logo-llamber.png","contentUrl":"https:\/\/llamber.com\/wp-content\/uploads\/2022\/06\/cropped-logo-llamber.png","width":447,"height":150,"caption":"Taberna Llamber"},"image":{"@id":"https:\/\/llamber.com\/#\/schema\/logo\/image\/"},"sameAs":["https:\/\/es-es.facebook.com\/llamberbarcelona\/","https:\/\/www.instagram.com\/llamber_restaurant_barcelona\/?hl=es"]}]}},"_links":{"self":[{"href":"https:\/\/llamber.com\/cat\/wp-json\/wp\/v2\/pages\/2494"}],"collection":[{"href":"https:\/\/llamber.com\/cat\/wp-json\/wp\/v2\/pages"}],"about":[{"href":"https:\/\/llamber.com\/cat\/wp-json\/wp\/v2\/types\/page"}],"author":[{"embeddable":true,"href":"https:\/\/llamber.com\/cat\/wp-json\/wp\/v2\/users\/4"}],"replies":[{"embeddable":true,"href":"https:\/\/llamber.com\/cat\/wp-json\/wp\/v2\/comments?post=2494"}],"version-history":[{"count":64,"href":"https:\/\/llamber.com\/cat\/wp-json\/wp\/v2\/pages\/2494\/revisions"}],"predecessor-version":[{"id":2733,"href":"https:\/\/llamber.com\/cat\/wp-json\/wp\/v2\/pages\/2494\/revisions\/2733"}],"wp:attachment":[{"href":"https:\/\/llamber.com\/cat\/wp-json\/wp\/v2\/media?parent=2494"}],"curies":[{"name":"wp","href":"https:\/\/api.w.org\/{rel}","templated":true}]}}