{"id":1860,"date":"2022-06-19T13:15:27","date_gmt":"2022-06-19T11:15:27","guid":{"rendered":"http:\/\/llamber.com\/?page_id=1860"},"modified":"2022-06-19T13:16:18","modified_gmt":"2022-06-19T11:16:18","slug":"politica-de-cookies","status":"publish","type":"page","link":"https:\/\/llamber.com\/cat\/politica-de-cookies\/","title":{"rendered":"Pol\u00edtica de cookies"},"content":{"rendered":"<div data-elementor-type=\"wp-page\" data-elementor-id=\"1860\" class=\"elementor elementor-1860\">\n\t\t\t\t\t\t<section class=\"elementor-section elementor-top-section elementor-element elementor-element-13560f92 elementor-section-boxed elementor-section-height-default elementor-section-height-default\" data-id=\"13560f92\" data-element_type=\"section\" data-settings=\"{&quot;background_background&quot;:&quot;classic&quot;}\">\n\t\t\t\t\t\t<div class=\"elementor-container elementor-column-gap-default\">\n\t\t\t\t\t<div class=\"elementor-column elementor-col-100 elementor-top-column elementor-element elementor-element-6a6d7af\" data-id=\"6a6d7af\" data-element_type=\"column\">\n\t\t\t<div class=\"elementor-widget-wrap elementor-element-populated\">\n\t\t\t\t\t\t<section class=\"elementor-section elementor-inner-section elementor-element elementor-element-1e5ed21c elementor-section-boxed elementor-section-height-default elementor-section-height-default\" data-id=\"1e5ed21c\" data-element_type=\"section\">\n\t\t\t\t\t\t<div class=\"elementor-container elementor-column-gap-default\">\n\t\t\t\t\t<div class=\"elementor-column elementor-col-100 elementor-inner-column elementor-element elementor-element-4d30234a\" data-id=\"4d30234a\" data-element_type=\"column\">\n\t\t\t<div class=\"elementor-widget-wrap elementor-element-populated\">\n\t\t\t\t\t\t<div class=\"elementor-element elementor-element-71def6c7 elementor-widget elementor-widget-text-editor\" data-id=\"71def6c7\" data-element_type=\"widget\" data-widget_type=\"text-editor.default\">\n\t\t\t\t<div class=\"elementor-widget-container\">\n\t\t\t<style>\/*! elementor - v3.22.0 - 24-06-2024 *\/\n.elementor-widget-text-editor.elementor-drop-cap-view-stacked .elementor-drop-cap{background-color:#69727d;color:#fff}.elementor-widget-text-editor.elementor-drop-cap-view-framed .elementor-drop-cap{color:#69727d;border:3px solid;background-color:transparent}.elementor-widget-text-editor:not(.elementor-drop-cap-view-default) .elementor-drop-cap{margin-top:8px}.elementor-widget-text-editor:not(.elementor-drop-cap-view-default) .elementor-drop-cap-letter{width:1em;height:1em}.elementor-widget-text-editor .elementor-drop-cap{float:left;text-align:center;line-height:1;font-size:50px}.elementor-widget-text-editor .elementor-drop-cap-letter{display:inline-block}<\/style>\t\t\t\t<p class=\"p1\" style=\"font-family: 'Bel';\">L'actual legislaci\u00f3 LSSI (Llei de la Societat de la informaci\u00f3 i el Comer\u00e7 electr\u00f2nic) ens obliga a informar sobre les galetes que es descarreguen en aquesta web, especialment sobre les galetes de tercers. Encara que \u00e9s impossible fer-ho de manera estricta (at\u00e8s que la majoria depenen exclusivament de serveis com Google) almenys en aquest lloc s'intentar\u00e0 especificar les m\u00e9s estables.<\/p><p class=\"p1\" style=\"font-family: 'Bel';\">Aquells usuaris que no vulguin rebre cookies o vulguin ser informats abans que s'emmagatzemin al vostre ordinador o dispositiu, poden configurar el vostre navegador a aquest efecte.<\/p><h3 style=\"font-family: 'Bel';\"><b><\/b><br \/>Qu\u00e8 s\u00f3n les cookies?<b><\/b><\/h3><p class=\"p1\" style=\"font-family: 'Bel';\">Una cookie \u00e9s un fitxer que es descarrega al vostre ordinador en accedir a determinades p\u00e0gines web. Les cookies permeten a una p\u00e0gina web, entre altres coses, emmagatzemar i recuperar informaci\u00f3 sobre els h\u00e0bits de navegaci\u00f3 d'un usuari o del seu equip i, depenent de la informaci\u00f3 que continguin i de la manera com utilitzi el seu equip, es poden utilitzar per recon\u00e8ixer usuari.<\/p><h3 style=\"font-family: 'Bel';\">\u00a0<\/h3><h3 style=\"font-family: 'Bel';\">Quins tipus de cookies hi ha?<\/h3><p class=\"p1\" style=\"font-family: 'Bel';\">Tipus de cookies segons l'entitat que gestioni l'equip o el domini des d'on s'envien les cookies i tracti les dades que s'obtinguin, podem distingir:<\/p><p><span class=\"s3\">Cookies pr\u00f2pies<\/span>: S\u00f3n les que s'envien a l'equip terminal de l'usuari des d'un equip o domini gestionat pel mateix editor i des del qual es presta el servei sol\u00b7licitat per l'usuari.<\/p><p><span class=\"s3\">Cookies de tercer<\/span>: S\u00f3n aquelles que s'envien a l'equip terminal de l'usuari des d'un equip o domini que no \u00e9s gestionat<span class=\"s1\">per l'editor, sin\u00f3 per una altra entitat que tracta les dades obtingudes a trav\u00e9s de les galetes.<\/span><\/p><p>En el cas que les cookies siguin instal\u00b7lades des d'un equip o domini gestionat pel mateix editor per\u00f2 la informaci\u00f3 que es reculli mitjan\u00e7ant aquestes sigui gestionada per un tercer, no poden ser considerades com a cookies pr\u00f2pies.<\/p><h3 style=\"font-family: 'Bel';\">\u00a0<\/h3><h3 style=\"font-family: 'Bel';\">Cookie DART<\/h3><p>Google, com a prove\u00efdor associat, utilitza cookies per publicar anuncis a AjudaWP.<\/p><p>Podeu inhabilitar l'\u00fas de la galeta de DART del sistema d'anuncis de Google accedint al <a href=\"http:\/\/www.doubleclick.com\/privacy\/faq.aspx\"><span class=\"s3\">centre de privadesa de Google<\/span><\/a>.<\/p><p>A m\u00e9s, els navegadors poden tamb\u00e9 permetre als usuaris veure i esborrar <i>cookies <\/i>individualmente.<\/p><p>Disposa de m\u00e9s informaci\u00f3 sobre les <i>Cookies <\/i>a: <a href=\"http:\/\/es.wikipedia.org\/wiki\/Cookie\"><span class=\"s3\">Wikipedia<\/span><\/a>(o exposar un link on l'usuari pugui obtenir m\u00e9s informaci\u00f3)<\/p><h3 style=\"font-family: 'Bel';\">\u00a0<\/h3><h3 style=\"font-family: 'Bel';\">Web <i>Beacons<\/i><\/h3><p><span style=\"font-family: bell;\">Aquest lloc pot albergar tamb\u00e9 <i>web beacons <\/i>(tamb\u00e9 coneguts com <i>web bugs<\/i>). Els <i>web beacons <\/i>solen ser petites imatges d'un p\u00edxel per un p\u00edxel, visibles o invisibles col\u00b7locats dins del codi font de les p\u00e0gines web d'un lloc. Els <i>web beacons <\/i>serveixen i s'utilitzen de manera similar a les <i>cookies<\/i>. A m\u00e9s, els <i>web beacons <\/i>solen utilitzar-se per mesurar el tr\u00e0nsit dusuaris que visiten una p\u00e0gina web i poder treure un patr\u00f3 dels usuaris dun lloc.<\/span><\/p><p><span style=\"font-family: bell;\">Disposa de m\u00e9s informaci\u00f3 sobre els <i>web beacons <\/i>a: <a href=\"http:\/\/es.wikipedia.org\/wiki\/Web_bug\"><span class=\"s3\">Wikipedia<\/span><\/a> (o exposar un link on l'usuari pugui obtenir m\u00e9s informaci\u00f3)<\/span><\/p><p><span style=\"font-family: bell;\"><b><i>Cookies de tercers<\/i><\/b><\/span><\/p><p><span style=\"font-family: bell;\"><span class=\"s1\">En alguns casos, compartim informaci\u00f3 sobre els visitants d'aquest lloc de forma an\u00f2nima o agregada amb tercers com puguin<\/span>ser anunciants, patrocinadors o auditors per tal de millorar els nostres serveis. Totes aquestes tasques de processament seran regulades segons les normes legals i es respectaran tots els seus drets en mat\u00e8ria de protecci\u00f3 de dades conforme a la regulaci\u00f3 vigent.<\/span><\/p><p><span style=\"font-family: bell;\">Aquest lloc mesura el tr\u00e0nsit amb diferents solucions que poden utilitzar <i>cookies <\/i>o <i>web beacons <\/i>per analitzar el que passa a les nostres p\u00e0gines. Actualment utilitzem les solucions seg\u00fcents per mesurar el tr\u00e0nsit d'aquest lloc. Podeu veure m\u00e9s informaci\u00f3 sobre la pol\u00edtica de privadesa de cadascuna de les solucions utilitzades per a aquest efecte:<\/span><\/p><p><span class=\"s2\" style=\"font-family: bell;\"><a href=\"http:\/\/www.google.com\/intl\/es\/policies\/privacy\/partners\/\"><span class=\"s5\">Com utilitza Google les dades que recopila als llocs web<\/span><\/a><\/span><\/p><p><span style=\"font-family: bell;\">Google (Analytics): <\/span><a href=\"http:\/\/www\"><span class=\"s3\"><span style=\"font-family: bell;\">Pol\u00edtica de Privadesa de Google Analytics<\/span><\/span><\/a><\/p><p><span style=\"font-family: bell;\"><b>Aquest lloc tamb\u00e9 pot acollir publicitat pr\u00f2pia, d'afiliats o de xarxes publicit\u00e0ries. Aquesta publicitat es mostra mitjan\u00e7ant servidors publicitaris que tamb\u00e9 utilitzen <\/b><i>cookies <\/i><b>per mostrar continguts publicitaris afins als usuaris. Cadascun d'aquests servidors publicitaris disposa de la seva pr\u00f2pia pol\u00edtica de privadesa, que pot ser consultada a les seves pr\u00f2pies p\u00e0gines web.<\/b><\/span><\/p><h3>\u00a0<\/h3><h3>Quins tipus de cookies utilitza aquesta p\u00e0gina web?<\/h3><p><span style=\"font-family: bell;\">A continuaci\u00f3, en compliment del que estableix l'article 22.2 de la LSSI exposem les cookies que es poden instal\u00b7lar habitualment durant la navegaci\u00f3 per aquest lloc web.<\/span><\/p><table class=\"t1\" width=\"500.2\" cellspacing=\"0\" cellpadding=\"0\"><tbody><tr><td class=\"td1\" colspan=\"3\" valign=\"middle\">Cookies pr\u00f2pies<\/td><\/tr><tr><td class=\"td2\" valign=\"middle\">Cookies<\/td><td class=\"td3\" valign=\"middle\">Informaci\u00f3 (*)<\/td><td class=\"td4\" valign=\"middle\">Finalitat<\/td><\/tr><\/tbody><\/table><table class=\"t1\" width=\"500.2\" cellspacing=\"0\" cellpadding=\"0\"><tbody><tr><td class=\"td2\" valign=\"middle\">Estrictament necess\u00e0ries<\/td><td class=\"td3\" valign=\"middle\">C. dentrada de lusuari<br \/>C. de sessi\u00f3 d'autenticaci\u00f3 o identificaci\u00f3 de l'usuari<br \/>C. de seguretat de l'usuari<br \/>C. de sessi\u00f3 de reproductor multim\u00e8dia<br \/>C. de sessi\u00f3 per equilibrar la c\u00e0rregaC. de personalitzaci\u00f3 de la interf\u00edcie d'usuari<br \/>C. de complement (plug-in) per compartir i intercanviar continguts socials (Facebook i twitter)<br \/>C. per emplenar els formularisC. del sistema de comentaris DisqusC. que recorda l'acceptaci\u00f3 de cookies<\/td><td class=\"td4\" valign=\"middle\">Serveixen per oferir serveis o recordar configuracions per millorar la seva experi\u00e8ncia de navegaci\u00f3 al nostre lloc web.<\/td><\/tr><\/tbody><\/table><table class=\"t1\" width=\"500.2\" cellspacing=\"0\" cellpadding=\"0\"><tbody><tr><td class=\"td5\" valign=\"middle\">Cookies de Tercers:<\/td><td class=\"td6\" colspan=\"4\" valign=\"middle\">\u00a0<\/td><\/tr><tr><td class=\"td7\" valign=\"middle\">Cookies<\/td><td class=\"td8\" valign=\"middle\">Informaci\u00f3 (*)<\/td><td class=\"td9\" valign=\"middle\">Finalitat<\/td><td class=\"td6\" colspan=\"2\" valign=\"middle\">\u00a0<\/td><\/tr><tr><td class=\"td10\" rowspan=\"2\" valign=\"middle\">Anal\u00edtiquesGoogle Analitycs,<\/td><td class=\"td11\" rowspan=\"2\" valign=\"middle\">Nombre de visites, p\u00e0gines o seccions visitades, temps de navegaci\u00f3, llocs visitats abans d'entrar a aquesta p\u00e0gina, detalls sobre els navegadors usats<\/td><td class=\"td9\" rowspan=\"2\" valign=\"middle\">Informes estad\u00edstics sobre el tr\u00e0nsit del lloc web, la seva audi\u00e8ncia total i l'audi\u00e8ncia en una determinada campanya publicit\u00e0ria<\/td><td class=\"td6\" colspan=\"2\" valign=\"middle\">\u00a0<\/td><\/tr><tr><td class=\"td6\" colspan=\"2\" valign=\"middle\">\u00a0<\/td><\/tr><tr><td class=\"td10\" rowspan=\"2\" valign=\"middle\">Publicitat Google, Inc. (_cfduid)<\/td><td class=\"td11\" rowspan=\"2\" valign=\"middle\">Prefer\u00e8ncies de l'usuari, informaci\u00f3 sobre la interacci\u00f3 amb el lloc web (servei sol\u00b7licitat, data i hora), tipus de navegador i llenguatge, localitzaci\u00f3 geogr\u00e0fica)<\/td><td class=\"td9\" rowspan=\"2\" valign=\"middle\">Millorar i gestionar l'exposici\u00f3 d'anuncis publicitaris a l'usuari evitant que apareguin anuncis que ja heu vist<\/td><td class=\"td6\" colspan=\"2\" valign=\"middle\">\u00a0<\/td><\/tr><tr><td class=\"td6\" colspan=\"2\" valign=\"middle\">\u00a0<\/td><\/tr><tr><td class=\"td10\" valign=\"middle\">Publicitat comportamental<\/td><td class=\"td11\" valign=\"middle\">Informaci\u00f3 sobre participaci\u00f3 social i seguiment d'usuaris.<\/td><td class=\"td9\" valign=\"middle\">L'objectiu principal de les cookies d'aquest hoste \u00e9s: Orientaci\u00f3 \/ Publicitat<\/td><td class=\"td6\" colspan=\"2\" valign=\"middle\"><table class=\"t2\" width=\"63.0\" cellspacing=\"0\" cellpadding=\"0\"><tbody><tr><td class=\"td12\" valign=\"middle\">PayPal<\/td><td class=\"td13\" valign=\"middle\">\u00a0<\/td><\/tr><\/tbody><\/table><\/td><\/tr><\/tbody><\/table><table class=\"t1\" width=\"500.2\" cellspacing=\"0\" cellpadding=\"0\"><tbody><tr><td class=\"td10\" colspan=\"5\" valign=\"middle\">\u00a0<\/td><\/tr><tr><td class=\"td10\" valign=\"middle\">TSe9a623<br \/>Apache<br \/>PYPF<\/td><td class=\"td14\" valign=\"middle\">\u00a0<\/td><td class=\"td8\" valign=\"middle\">Cookies t\u00e8cniques. Reforcen la seguretat a l'acc\u00e9s a la plataforma de pagaments PayPal. Podeu enlla\u00e7ar amb paypalobjects.com.<\/td><td class=\"td9\" valign=\"middle\">Cookies t\u00e8cniques. Reforcen la seguretat a l'acc\u00e9s a la plataforma de pagaments PayPal. Podeu enlla\u00e7ar amb paypalobjects.com.<\/td><td class=\"td6\" valign=\"middle\">\u00a0<\/td><\/tr><\/tbody><\/table><p class=\"p1\" style=\"font-family: 'Bel';\">Actualment aquest lloc acull publicitat de:<\/p><p>Google Adsense: <a href=\"http:\/\/www.google.es\/privacypolicy.html\"><span class=\"s3\">Pol\u00edtica de privadesa de Google Adsense<\/span><\/a> \u2013 <a href=\"https:\/\/www.google.com\/adsense\/localized-terms\"><span class=\"s3\">Termes i condicions<\/span><\/a> \u2013 <a href=\"https:\/\/www.google.com\/adsense\/support\/bin\/answer.py?answer=48182&amp;sourceid=aso&amp;subid=ww-ww-et-asui&amp;medium=link\"><span class=\"s3\">Pol\u00edtiques del programa<\/span><\/a><\/p><p>Tamb\u00e9 hi ha cookies corresponents a les xarxes socials que utilitza aquesta web tenen les seves pr\u00f2pies pol\u00edtiques de cookies.<\/p><p>Cookie de Twitter, segons el que disposa el seu <a href=\"https:\/\/twitter.com\/privacy\"><span class=\"s3\">pol\u00edtica de privadesa i \u00fas de cookies<\/span><\/a>.<\/p><p>Cookie de Facebook, segons el que disposa el seu <a href=\"%22https:\/\/\"><span class=\"s3\">pol\u00edtica de Cookies<\/span><\/a><\/p><p>Cookie de Google+ i Google Maps, segons el que disposa la seva p\u00e0gina sobre qu\u00e8 <a href=\"http:\/\/www.google.com\/intl\/es\/policies\/technologies\/types\/\"><span class=\"s3\">tipus de cookies utilitzen<\/span><\/a><\/p><p>Cookie de Pinterest, segons el que disposa el seu <a href=\"https:\/\/about.pinterest.com\/es\/privacy-policy\"><span class=\"s3\">Pol\u00edtica de privadesa i \u00fas de cookies<\/span><\/a><\/p><p class=\"p1\" style=\"font-family: 'Bel';\"><span class=\"s1\">Aquest web s'utilitza cookies pr\u00f2pies i de tercers per aconseguir que tinguis <\/span>una millor experi\u00e8ncia de navegaci\u00f3, puguis compartir contingut a xarxes socials i per obtenir estad\u00edstiques dels nostres usuaris<span class=\"s2\">.<\/span><\/p>\t\t\t\t\t\t<\/div>\n\t\t\t\t<\/div>\n\t\t\t\t\t<\/div>\n\t\t<\/div>\n\t\t\t\t\t<\/div>\n\t\t<\/section>\n\t\t\t\t\t<\/div>\n\t\t<\/div>\n\t\t\t\t\t<\/div>\n\t\t<\/section>\n\t\t\t\t<section class=\"elementor-section elementor-top-section elementor-element elementor-element-38295245 elementor-section-boxed elementor-section-height-default elementor-section-height-default\" data-id=\"38295245\" data-element_type=\"section\" data-settings=\"{&quot;background_background&quot;:&quot;classic&quot;}\">\n\t\t\t\t\t\t<div class=\"elementor-container elementor-column-gap-default\">\n\t\t\t\t\t<div class=\"elementor-column elementor-col-100 elementor-top-column elementor-element elementor-element-55c97394\" data-id=\"55c97394\" data-element_type=\"column\">\n\t\t\t<div class=\"elementor-widget-wrap elementor-element-populated\">\n\t\t\t\t\t\t<section class=\"elementor-section elementor-inner-section elementor-element elementor-element-3e916edb elementor-section-boxed elementor-section-height-default elementor-section-height-default\" data-id=\"3e916edb\" data-element_type=\"section\">\n\t\t\t\t\t\t<div class=\"elementor-container elementor-column-gap-default\">\n\t\t\t\t\t<div class=\"elementor-column elementor-col-33 elementor-inner-column elementor-element elementor-element-336c38cd\" data-id=\"336c38cd\" data-element_type=\"column\">\n\t\t\t<div class=\"elementor-widget-wrap elementor-element-populated\">\n\t\t\t\t\t\t<div class=\"elementor-element elementor-element-d87323f elementor-widget elementor-widget-text-editor\" data-id=\"d87323f\" data-element_type=\"widget\" data-widget_type=\"text-editor.default\">\n\t\t\t\t<div class=\"elementor-widget-container\">\n\t\t\t\t\t\t\t<p style=\"text-align: center;\"><span style=\"font-family: bell; color: #454545;\"><a style=\"color: #454545;\" href=\"https:\/\/llamber.com\/aviso-legal\/\">AVIS LEGAL<\/a><\/span><\/p>\t\t\t\t\t\t<\/div>\n\t\t\t\t<\/div>\n\t\t\t\t\t<\/div>\n\t\t<\/div>\n\t\t\t\t<div class=\"elementor-column elementor-col-33 elementor-inner-column elementor-element elementor-element-13c00dbc\" data-id=\"13c00dbc\" data-element_type=\"column\">\n\t\t\t<div class=\"elementor-widget-wrap elementor-element-populated\">\n\t\t\t\t\t\t<div class=\"elementor-element elementor-element-19fec3e5 elementor-widget elementor-widget-text-editor\" data-id=\"19fec3e5\" data-element_type=\"widget\" data-widget_type=\"text-editor.default\">\n\t\t\t\t<div class=\"elementor-widget-container\">\n\t\t\t\t\t\t\t<p style=\"text-align: center;\"><a href=\"https:\/\/llamber.com\/politica-de-cookies\/\"><span style=\"font-family: bell; color: #454545;\">POL\u00cdTICA DE COOKIES<\/span><\/a><\/p>\t\t\t\t\t\t<\/div>\n\t\t\t\t<\/div>\n\t\t\t\t\t<\/div>\n\t\t<\/div>\n\t\t\t\t<div class=\"elementor-column elementor-col-33 elementor-inner-column elementor-element elementor-element-28d5522c\" data-id=\"28d5522c\" data-element_type=\"column\">\n\t\t\t<div class=\"elementor-widget-wrap elementor-element-populated\">\n\t\t\t\t\t\t<div class=\"elementor-element elementor-element-5f2a6385 elementor-widget elementor-widget-text-editor\" data-id=\"5f2a6385\" data-element_type=\"widget\" data-widget_type=\"text-editor.default\">\n\t\t\t\t<div class=\"elementor-widget-container\">\n\t\t\t\t\t\t\t<p style=\"text-align: center;\"><span style=\"color: #454545;\"><a style=\"color: #454545;\" href=\"https:\/\/llamber.com\/politica-de-privacidad\/\"><span style=\"font-family: bell;\">POL\u00cdTICA DE PRIVACITAT<\/span><\/a><\/span><\/p>\t\t\t\t\t\t<\/div>\n\t\t\t\t<\/div>\n\t\t\t\t\t<\/div>\n\t\t<\/div>\n\t\t\t\t\t<\/div>\n\t\t<\/section>\n\t\t\t\t\t<\/div>\n\t\t<\/div>\n\t\t\t\t\t<\/div>\n\t\t<\/section>\n\t\t\t\t<\/div>","protected":false},"excerpt":{"rendered":"<p>La actual legislaci\u00f3n LSSI (Ley de la Sociedad de la informaci\u00f3n y el Comercio electr\u00f3nico) nos obliga a informar sobre las cookies que se descargan en esta web, en especial sobre las cookies de terceros. Aunque es imposible hacerlo de manera estricta (dado que la mayor\u00eda dependen exclusivamente de servicios como Google) al menos en&#8230;<\/p>","protected":false},"author":4,"featured_media":0,"parent":0,"menu_order":0,"comment_status":"closed","ping_status":"closed","template":"elementor_header_footer","meta":{"_links_to":"","_links_to_target":""},"yoast_head":"<!-- This site is optimized with the Yoast SEO plugin v20.6 - https:\/\/yoast.com\/wordpress\/plugins\/seo\/ -->\n<title>Pol\u00edtica de cookies - Taberna Llamber<\/title>\n<meta name=\"robots\" content=\"index, follow, max-snippet:-1, max-image-preview:large, max-video-preview:-1\" \/>\n<link rel=\"canonical\" href=\"https:\/\/llamber.com\/cat\/politica-de-cookies\/\" \/>\n<meta property=\"og:locale\" content=\"ca_ES\" \/>\n<meta property=\"og:type\" content=\"article\" \/>\n<meta property=\"og:title\" content=\"Pol\u00edtica de cookies - Taberna Llamber\" \/>\n<meta property=\"og:description\" content=\"La actual legislaci\u00f3n LSSI (Ley de la Sociedad de la informaci\u00f3n y el Comercio electr\u00f3nico) nos obliga a informar sobre las cookies que se descargan en esta web, en especial sobre las cookies de terceros. Aunque es imposible hacerlo de manera estricta (dado que la mayor\u00eda dependen exclusivamente de servicios como Google) al menos en...\" \/>\n<meta property=\"og:url\" content=\"https:\/\/llamber.com\/cat\/politica-de-cookies\/\" \/>\n<meta property=\"og:site_name\" content=\"Taberna Llamber\" \/>\n<meta property=\"article:publisher\" content=\"https:\/\/es-es.facebook.com\/llamberbarcelona\/\" \/>\n<meta property=\"article:modified_time\" content=\"2022-06-19T11:16:18+00:00\" \/>\n<meta name=\"twitter:card\" content=\"summary_large_image\" \/>\n<meta name=\"twitter:label1\" content=\"Temps estimat de lectura\" \/>\n\t<meta name=\"twitter:data1\" content=\"6 minuts\" \/>\n<script type=\"application\/ld+json\" class=\"yoast-schema-graph\">{\"@context\":\"https:\/\/schema.org\",\"@graph\":[{\"@type\":\"WebPage\",\"@id\":\"https:\/\/llamber.com\/politica-de-cookies\/\",\"url\":\"https:\/\/llamber.com\/politica-de-cookies\/\",\"name\":\"Pol\u00edtica de cookies - Taberna Llamber\",\"isPartOf\":{\"@id\":\"https:\/\/llamber.com\/#website\"},\"datePublished\":\"2022-06-19T11:15:27+00:00\",\"dateModified\":\"2022-06-19T11:16:18+00:00\",\"breadcrumb\":{\"@id\":\"https:\/\/llamber.com\/politica-de-cookies\/#breadcrumb\"},\"inLanguage\":\"ca\",\"potentialAction\":[{\"@type\":\"ReadAction\",\"target\":[\"https:\/\/llamber.com\/politica-de-cookies\/\"]}]},{\"@type\":\"BreadcrumbList\",\"@id\":\"https:\/\/llamber.com\/politica-de-cookies\/#breadcrumb\",\"itemListElement\":[{\"@type\":\"ListItem\",\"position\":1,\"name\":\"Portada\",\"item\":\"https:\/\/llamber.com\/\"},{\"@type\":\"ListItem\",\"position\":2,\"name\":\"Pol\u00edtica de cookies\"}]},{\"@type\":\"WebSite\",\"@id\":\"https:\/\/llamber.com\/#website\",\"url\":\"https:\/\/llamber.com\/\",\"name\":\"Taberna Llamber\",\"description\":\"Restaurante asturiano en Barcelona\",\"publisher\":{\"@id\":\"https:\/\/llamber.com\/#organization\"},\"potentialAction\":[{\"@type\":\"SearchAction\",\"target\":{\"@type\":\"EntryPoint\",\"urlTemplate\":\"https:\/\/llamber.com\/?s={search_term_string}\"},\"query-input\":\"required name=search_term_string\"}],\"inLanguage\":\"ca\"},{\"@type\":\"Organization\",\"@id\":\"https:\/\/llamber.com\/#organization\",\"name\":\"Taberna Llamber\",\"url\":\"https:\/\/llamber.com\/\",\"logo\":{\"@type\":\"ImageObject\",\"inLanguage\":\"ca\",\"@id\":\"https:\/\/llamber.com\/#\/schema\/logo\/image\/\",\"url\":\"https:\/\/llamber.com\/wp-content\/uploads\/2022\/06\/cropped-logo-llamber.png\",\"contentUrl\":\"https:\/\/llamber.com\/wp-content\/uploads\/2022\/06\/cropped-logo-llamber.png\",\"width\":447,\"height\":150,\"caption\":\"Taberna Llamber\"},\"image\":{\"@id\":\"https:\/\/llamber.com\/#\/schema\/logo\/image\/\"},\"sameAs\":[\"https:\/\/es-es.facebook.com\/llamberbarcelona\/\",\"https:\/\/www.instagram.com\/llamber_restaurant_barcelona\/?hl=es\"]}]}<\/script>\n<!-- \/ Yoast SEO plugin. -->","yoast_head_json":{"title":"Pol\u00edtica de cookies - Taberna Llamber","robots":{"index":"index","follow":"follow","max-snippet":"max-snippet:-1","max-image-preview":"max-image-preview:large","max-video-preview":"max-video-preview:-1"},"canonical":"https:\/\/llamber.com\/cat\/politica-de-cookies\/","og_locale":"ca_ES","og_type":"article","og_title":"Pol\u00edtica de cookies - Taberna Llamber","og_description":"La actual legislaci\u00f3n LSSI (Ley de la Sociedad de la informaci\u00f3n y el Comercio electr\u00f3nico) nos obliga a informar sobre las cookies que se descargan en esta web, en especial sobre las cookies de terceros. Aunque es imposible hacerlo de manera estricta (dado que la mayor\u00eda dependen exclusivamente de servicios como Google) al menos en...","og_url":"https:\/\/llamber.com\/cat\/politica-de-cookies\/","og_site_name":"Taberna Llamber","article_publisher":"https:\/\/es-es.facebook.com\/llamberbarcelona\/","article_modified_time":"2022-06-19T11:16:18+00:00","twitter_card":"summary_large_image","twitter_misc":{"Temps estimat de lectura":"6 minuts"},"schema":{"@context":"https:\/\/schema.org","@graph":[{"@type":"WebPage","@id":"https:\/\/llamber.com\/politica-de-cookies\/","url":"https:\/\/llamber.com\/politica-de-cookies\/","name":"Pol\u00edtica de cookies - Taberna Llamber","isPartOf":{"@id":"https:\/\/llamber.com\/#website"},"datePublished":"2022-06-19T11:15:27+00:00","dateModified":"2022-06-19T11:16:18+00:00","breadcrumb":{"@id":"https:\/\/llamber.com\/politica-de-cookies\/#breadcrumb"},"inLanguage":"ca","potentialAction":[{"@type":"ReadAction","target":["https:\/\/llamber.com\/politica-de-cookies\/"]}]},{"@type":"BreadcrumbList","@id":"https:\/\/llamber.com\/politica-de-cookies\/#breadcrumb","itemListElement":[{"@type":"ListItem","position":1,"name":"Portada","item":"https:\/\/llamber.com\/"},{"@type":"ListItem","position":2,"name":"Pol\u00edtica de cookies"}]},{"@type":"WebSite","@id":"https:\/\/llamber.com\/#website","url":"https:\/\/llamber.com\/","name":"Taberna Llamber","description":"Restaurante asturiano en Barcelona","publisher":{"@id":"https:\/\/llamber.com\/#organization"},"potentialAction":[{"@type":"SearchAction","target":{"@type":"EntryPoint","urlTemplate":"https:\/\/llamber.com\/?s={search_term_string}"},"query-input":"required name=search_term_string"}],"inLanguage":"ca"},{"@type":"Organization","@id":"https:\/\/llamber.com\/#organization","name":"Taberna Llamber","url":"https:\/\/llamber.com\/","logo":{"@type":"ImageObject","inLanguage":"ca","@id":"https:\/\/llamber.com\/#\/schema\/logo\/image\/","url":"https:\/\/llamber.com\/wp-content\/uploads\/2022\/06\/cropped-logo-llamber.png","contentUrl":"https:\/\/llamber.com\/wp-content\/uploads\/2022\/06\/cropped-logo-llamber.png","width":447,"height":150,"caption":"Taberna Llamber"},"image":{"@id":"https:\/\/llamber.com\/#\/schema\/logo\/image\/"},"sameAs":["https:\/\/es-es.facebook.com\/llamberbarcelona\/","https:\/\/www.instagram.com\/llamber_restaurant_barcelona\/?hl=es"]}]}},"_links":{"self":[{"href":"https:\/\/llamber.com\/cat\/wp-json\/wp\/v2\/pages\/1860"}],"collection":[{"href":"https:\/\/llamber.com\/cat\/wp-json\/wp\/v2\/pages"}],"about":[{"href":"https:\/\/llamber.com\/cat\/wp-json\/wp\/v2\/types\/page"}],"author":[{"embeddable":true,"href":"https:\/\/llamber.com\/cat\/wp-json\/wp\/v2\/users\/4"}],"replies":[{"embeddable":true,"href":"https:\/\/llamber.com\/cat\/wp-json\/wp\/v2\/comments?post=1860"}],"version-history":[{"count":6,"href":"https:\/\/llamber.com\/cat\/wp-json\/wp\/v2\/pages\/1860\/revisions"}],"predecessor-version":[{"id":1869,"href":"https:\/\/llamber.com\/cat\/wp-json\/wp\/v2\/pages\/1860\/revisions\/1869"}],"wp:attachment":[{"href":"https:\/\/llamber.com\/cat\/wp-json\/wp\/v2\/media?parent=1860"}],"curies":[{"name":"wp","href":"https:\/\/api.w.org\/{rel}","templated":true}]}}