{"id":2689,"date":"2023-12-14T16:21:17","date_gmt":"2023-12-14T15:21:17","guid":{"rendered":"https:\/\/llamber.com\/?page_id=2689"},"modified":"2023-12-14T17:13:21","modified_gmt":"2023-12-14T16:13:21","slug":"menu-grupos-navidad","status":"publish","type":"page","link":"http:\/\/llamber.com\/fre\/menu-grupos-navidad\/","title":{"rendered":"Men\u00fa grupos Navidad"},"content":{"rendered":"\t\t<div data-elementor-type=\"wp-page\" data-elementor-id=\"2689\" class=\"elementor elementor-2689\">\n\t\t\t\t\t\t<section class=\"elementor-section elementor-top-section elementor-element elementor-element-3147fc7b elementor-section-height-min-height elementor-section-boxed elementor-section-height-default elementor-section-items-middle\" data-id=\"3147fc7b\" data-element_type=\"section\" data-settings=\"{&quot;background_background&quot;:&quot;classic&quot;}\">\n\t\t\t\t\t\t<div class=\"elementor-container elementor-column-gap-default\">\n\t\t\t\t\t<div class=\"elementor-column elementor-col-100 elementor-top-column elementor-element elementor-element-7e342d1c\" data-id=\"7e342d1c\" data-element_type=\"column\">\n\t\t\t<div class=\"elementor-widget-wrap elementor-element-populated\">\n\t\t\t\t\t\t<div class=\"elementor-element elementor-element-7153880a elementor-widget elementor-widget-heading\" data-id=\"7153880a\" data-element_type=\"widget\" data-widget_type=\"heading.default\">\n\t\t\t\t<div class=\"elementor-widget-container\">\n\t\t\t<style>\/*! elementor - v3.22.0 - 24-06-2024 *\/\n.elementor-heading-title{padding:0;margin:0;line-height:1}.elementor-widget-heading .elementor-heading-title[class*=elementor-size-]>a{color:inherit;font-size:inherit;line-height:inherit}.elementor-widget-heading .elementor-heading-title.elementor-size-small{font-size:15px}.elementor-widget-heading .elementor-heading-title.elementor-size-medium{font-size:19px}.elementor-widget-heading .elementor-heading-title.elementor-size-large{font-size:29px}.elementor-widget-heading .elementor-heading-title.elementor-size-xl{font-size:39px}.elementor-widget-heading .elementor-heading-title.elementor-size-xxl{font-size:59px}<\/style><h4 class=\"elementor-heading-title elementor-size-default\">MEN\u00da NAVIDAD PARA GRUPOS<\/h4>\t\t<\/div>\n\t\t\t\t<\/div>\n\t\t\t\t<div class=\"elementor-element elementor-element-fc8957f elementor-widget elementor-widget-text-editor\" data-id=\"fc8957f\" data-element_type=\"widget\" data-widget_type=\"text-editor.default\">\n\t\t\t\t<div class=\"elementor-widget-container\">\n\t\t\t<style>\/*! elementor - v3.22.0 - 24-06-2024 *\/\n.elementor-widget-text-editor.elementor-drop-cap-view-stacked .elementor-drop-cap{background-color:#69727d;color:#fff}.elementor-widget-text-editor.elementor-drop-cap-view-framed .elementor-drop-cap{color:#69727d;border:3px solid;background-color:transparent}.elementor-widget-text-editor:not(.elementor-drop-cap-view-default) .elementor-drop-cap{margin-top:8px}.elementor-widget-text-editor:not(.elementor-drop-cap-view-default) .elementor-drop-cap-letter{width:1em;height:1em}.elementor-widget-text-editor .elementor-drop-cap{float:left;text-align:center;line-height:1;font-size:50px}.elementor-widget-text-editor .elementor-drop-cap-letter{display:inline-block}<\/style>\t\t\t\t<p style=\"text-align: center;\"><span style=\"font-family: bell; font-size: 14pt; color: #666 !important;\">Nuestros chefs \u00c1ngel Palacios y Francisco Heras han dise\u00f1ado un men\u00fa especial<br> para celebrar las fiestas de navidades.\n<br><br>\nEste men\u00fa constar\u00e1 de unos entrantes para compartir y unos platos principales individuales para cada comensal.\n<\/span><\/p>\n\t\t\t\t\t\t<\/div>\n\t\t\t\t<\/div>\n\t\t\t\t<div class=\"elementor-element elementor-element-52926f5 elementor-widget elementor-widget-text-editor\" data-id=\"52926f5\" data-element_type=\"widget\" data-widget_type=\"text-editor.default\">\n\t\t\t\t<div class=\"elementor-widget-container\">\n\t\t\t\t\t\t\t<p style=\"text-align: center;\"><span style=\"font-family: bell; font-size: 22pt; letter-spacing: 10px; color: #959798;\">PARA COMPARTIR<\/span><\/p>\t\t\t\t\t\t<\/div>\n\t\t\t\t<\/div>\n\t\t\t\t<div class=\"elementor-element elementor-element-44bc495 elementor-widget elementor-widget-text-editor\" data-id=\"44bc495\" data-element_type=\"widget\" data-widget_type=\"text-editor.default\">\n\t\t\t\t<div class=\"elementor-widget-container\">\n\t\t\t\t\t\t\t<p style=\"text-align: center;\"><span style=\"font-family: bell; font-size: 18pt; color: #959798;\">Pan con o sin tomate<\/span><\/p>\n<p style=\"text-align: center;\"><span style=\"font-family: bell; font-size: 18pt; color: #959798;\">Paletilla de jam\u00f3n Joselito<\/span><\/p>\n<p style=\"text-align: center;\"><span style=\"font-family: bell; font-size: 18pt; color: #959798;\">Bomba picantona de pulpo<\/span><\/p>\n<p style=\"text-align: center;\"><span style=\"font-family: bell; font-size: 18pt; color: #959798;\">Patatinas al cabrales con prelin\u00e9 de avellana\n<\/span><\/p>\n\t\t\t\t\t\t<\/div>\n\t\t\t\t<\/div>\n\t\t\t\t<div class=\"elementor-element elementor-element-7cb44da elementor-widget elementor-widget-text-editor\" data-id=\"7cb44da\" data-element_type=\"widget\" data-widget_type=\"text-editor.default\">\n\t\t\t\t<div class=\"elementor-widget-container\">\n\t\t\t\t\t\t\t<p style=\"text-align: center;\"><span style=\"font-family: bell; font-size: 22pt; letter-spacing: 10px; color: #959798;\">ENTRANTE<\/span><\/p>\t\t\t\t\t\t<\/div>\n\t\t\t\t<\/div>\n\t\t\t\t<div class=\"elementor-element elementor-element-3f3e82b elementor-widget elementor-widget-text-editor\" data-id=\"3f3e82b\" data-element_type=\"widget\" data-widget_type=\"text-editor.default\">\n\t\t\t\t<div class=\"elementor-widget-container\">\n\t\t\t\t\t\t\t<p style=\"text-align: center;\"><span style=\"font-family: bell; font-size: 18pt; color: #959798;\">Sopa de escudella y carn d\u2019olla<\/span><\/p>\n\t\t\t\t\t\t<\/div>\n\t\t\t\t<\/div>\n\t\t\t\t<div class=\"elementor-element elementor-element-ad9e3cf elementor-widget elementor-widget-text-editor\" data-id=\"ad9e3cf\" data-element_type=\"widget\" data-widget_type=\"text-editor.default\">\n\t\t\t\t<div class=\"elementor-widget-container\">\n\t\t\t\t\t\t\t<p style=\"text-align: center;\"><span style=\"font-family: bell; font-size: 22pt; letter-spacing: 10px; color: #959798;\">PLATO PRINCIPAL<\/span><\/p>\t\t\t\t\t\t<\/div>\n\t\t\t\t<\/div>\n\t\t\t\t<div class=\"elementor-element elementor-element-4b4cce3 elementor-widget elementor-widget-text-editor\" data-id=\"4b4cce3\" data-element_type=\"widget\" data-widget_type=\"text-editor.default\">\n\t\t\t\t<div class=\"elementor-widget-container\">\n\t\t\t\t\t\t\t<p style=\"text-align: center;\"><span style=\"font-family: bell; font-size: 18pt; color: #959798;\">Canelones de cerdo ib\u00e9rico con salsa de setas y emulsi\u00f3n de trufa<\/span><\/p>\t\t\t\t\t\t<\/div>\n\t\t\t\t<\/div>\n\t\t\t\t<div class=\"elementor-element elementor-element-cfe77ed elementor-widget elementor-widget-text-editor\" data-id=\"cfe77ed\" data-element_type=\"widget\" data-widget_type=\"text-editor.default\">\n\t\t\t\t<div class=\"elementor-widget-container\">\n\t\t\t\t\t\t\t<p style=\"text-align: center;\"><span style=\"font-family: bell; font-size: 22pt; letter-spacing: 10px; color: #959798;\">POSTRE<\/span><\/p>\t\t\t\t\t\t<\/div>\n\t\t\t\t<\/div>\n\t\t\t\t<div class=\"elementor-element elementor-element-5aeb017 elementor-widget elementor-widget-text-editor\" data-id=\"5aeb017\" data-element_type=\"widget\" data-widget_type=\"text-editor.default\">\n\t\t\t\t<div class=\"elementor-widget-container\">\n\t\t\t\t\t\t\t<p style=\"text-align: center;\"><span style=\"font-family: bell; font-size: 18pt; color: #959798;\">Pudding de chocolate con brownie de chocolate blanco\ny ganache de cholate blanco y yogur<\/span><\/p><br>\n<p style=\"text-align: center;\"><span style=\"font-family: bell; font-size: 18pt; color: #959798;\"><em>NEULAS Y TURRONES<\/em><\/span><\/p>\t\t\t\t\t\t<\/div>\n\t\t\t\t<\/div>\n\t\t\t\t<div class=\"elementor-element elementor-element-441ad66 elementor-widget elementor-widget-text-editor\" data-id=\"441ad66\" data-element_type=\"widget\" data-widget_type=\"text-editor.default\">\n\t\t\t\t<div class=\"elementor-widget-container\">\n\t\t\t\t\t\t\t<p style=\"text-align: center;\"><span style=\"font-family: bell; font-size: 36pt; letter-spacing: 1px; color: #959798;\">52\u20ac<br \/><em><span style=\"font-size: 18pt;\">(por persona)<br \/>IVA no incluido<br \/>Agua y vino incluidos<br \/>Caf\u00e9 y licores no incluidos<\/span><\/em><\/span><\/p>\t\t\t\t\t\t<\/div>\n\t\t\t\t<\/div>\n\t\t\t\t\t<\/div>\n\t\t<\/div>\n\t\t\t\t\t<\/div>\n\t\t<\/section>\n\t\t\t\t<section class=\"elementor-section elementor-inner-section elementor-element elementor-element-21e6527f menu-list elementor-section-height-min-height elementor-section-boxed elementor-section-height-default\" data-id=\"21e6527f\" data-element_type=\"section\" data-settings=\"{&quot;background_background&quot;:&quot;classic&quot;}\">\n\t\t\t\t\t\t<div class=\"elementor-container elementor-column-gap-default\">\n\t\t\t\t\t<div class=\"elementor-column elementor-col-100 elementor-inner-column elementor-element elementor-element-2e73314\" data-id=\"2e73314\" data-element_type=\"column\">\n\t\t\t<div class=\"elementor-widget-wrap\">\n\t\t\t\t\t\t\t<\/div>\n\t\t<\/div>\n\t\t\t\t\t<\/div>\n\t\t<\/section>\n\t\t\t\t<section class=\"elementor-section elementor-top-section elementor-element elementor-element-1eeb3407 elementor-section-boxed elementor-section-height-default elementor-section-height-default\" data-id=\"1eeb3407\" data-element_type=\"section\" data-settings=\"{&quot;background_background&quot;:&quot;classic&quot;}\">\n\t\t\t\t\t\t<div class=\"elementor-container elementor-column-gap-default\">\n\t\t\t\t\t<div class=\"elementor-column elementor-col-100 elementor-top-column elementor-element elementor-element-23ee0d1a\" data-id=\"23ee0d1a\" data-element_type=\"column\">\n\t\t\t<div class=\"elementor-widget-wrap elementor-element-populated\">\n\t\t\t\t\t\t<section class=\"elementor-section elementor-inner-section elementor-element elementor-element-5fa466d0 elementor-section-boxed elementor-section-height-default elementor-section-height-default\" data-id=\"5fa466d0\" data-element_type=\"section\">\n\t\t\t\t\t\t<div class=\"elementor-container elementor-column-gap-default\">\n\t\t\t\t\t<div class=\"elementor-column elementor-col-33 elementor-inner-column elementor-element elementor-element-feed19e\" data-id=\"feed19e\" data-element_type=\"column\">\n\t\t\t<div class=\"elementor-widget-wrap elementor-element-populated\">\n\t\t\t\t\t\t<div class=\"elementor-element elementor-element-1bd3c51b elementor-widget elementor-widget-text-editor\" data-id=\"1bd3c51b\" data-element_type=\"widget\" data-widget_type=\"text-editor.default\">\n\t\t\t\t<div class=\"elementor-widget-container\">\n\t\t\t\t\t\t\t<p style=\"text-align: center;\"><span style=\"font-family: bell; color: #454545;\"><a style=\"color: #454545;\" href=\"https:\/\/llamber.com\/aviso-legal\/\">AVISO LEGAL<\/a><\/span><\/p>\t\t\t\t\t\t<\/div>\n\t\t\t\t<\/div>\n\t\t\t\t\t<\/div>\n\t\t<\/div>\n\t\t\t\t<div class=\"elementor-column elementor-col-33 elementor-inner-column elementor-element elementor-element-4be6e92e\" data-id=\"4be6e92e\" data-element_type=\"column\">\n\t\t\t<div class=\"elementor-widget-wrap elementor-element-populated\">\n\t\t\t\t\t\t<div class=\"elementor-element elementor-element-44a5227f elementor-widget elementor-widget-text-editor\" data-id=\"44a5227f\" data-element_type=\"widget\" data-widget_type=\"text-editor.default\">\n\t\t\t\t<div class=\"elementor-widget-container\">\n\t\t\t\t\t\t\t<p style=\"text-align: center;\"><a href=\"https:\/\/llamber.com\/politica-de-cookies\/\"><span style=\"font-family: bell; color: #454545;\">POL\u00cdTICA DE COOKIES<\/span><\/a><\/p>\t\t\t\t\t\t<\/div>\n\t\t\t\t<\/div>\n\t\t\t\t\t<\/div>\n\t\t<\/div>\n\t\t\t\t<div class=\"elementor-column elementor-col-33 elementor-inner-column elementor-element elementor-element-9a70e0b\" data-id=\"9a70e0b\" data-element_type=\"column\">\n\t\t\t<div class=\"elementor-widget-wrap elementor-element-populated\">\n\t\t\t\t\t\t<div class=\"elementor-element elementor-element-62d7c1d2 elementor-widget elementor-widget-text-editor\" data-id=\"62d7c1d2\" data-element_type=\"widget\" data-widget_type=\"text-editor.default\">\n\t\t\t\t<div class=\"elementor-widget-container\">\n\t\t\t\t\t\t\t<p style=\"text-align: center;\"><span style=\"color: #454545;\"><a style=\"color: #454545;\" href=\"https:\/\/llamber.com\/politica-de-privacidad\/\"><span style=\"font-family: bell;\">POL\u00cdTICA DE PRIVACIDAD<\/span><\/a><\/span><\/p>\t\t\t\t\t\t<\/div>\n\t\t\t\t<\/div>\n\t\t\t\t\t<\/div>\n\t\t<\/div>\n\t\t\t\t\t<\/div>\n\t\t<\/section>\n\t\t\t\t\t<\/div>\n\t\t<\/div>\n\t\t\t\t\t<\/div>\n\t\t<\/section>\n\t\t\t\t<\/div>\n\t\t","protected":false},"excerpt":{"rendered":"<p>MEN\u00da NAVIDAD PARA GRUPOS Nuestros chefs \u00c1ngel Palacios y Francisco Heras han dise\u00f1ado un men\u00fa especial para celebrar las fiestas de navidades. Este men\u00fa constar\u00e1 de unos entrantes para compartir y unos platos principales individuales para cada comensal. PARA COMPARTIR Pan con o sin tomate Paletilla de jam\u00f3n Joselito Bomba picantona de pulpo Patatinas al&#8230;<\/p>","protected":false},"author":4,"featured_media":0,"parent":0,"menu_order":0,"comment_status":"closed","ping_status":"closed","template":"elementor_header_footer","meta":{"_links_to":"","_links_to_target":""},"yoast_head":"<!-- This site is optimized with the Yoast SEO plugin v20.6 - https:\/\/yoast.com\/wordpress\/plugins\/seo\/ -->\n<title>Llamber - Men\u00fa grupos Navidad<\/title>\n<meta name=\"description\" content=\"Desde aqu\u00ed podr\u00e1s consultar nuestra carta y descubrir las creaciones que tenemos para t\u00ed...\" \/>\n<meta name=\"robots\" content=\"index, follow, max-snippet:-1, max-image-preview:large, max-video-preview:-1\" \/>\n<link rel=\"canonical\" href=\"http:\/\/llamber.com\/fre\/menu-grupos-navidad\/\" \/>\n<meta property=\"og:locale\" content=\"fr_FR\" \/>\n<meta property=\"og:type\" content=\"article\" \/>\n<meta property=\"og:title\" content=\"Llamber - Men\u00fa grupos Navidad\" \/>\n<meta property=\"og:description\" content=\"Desde aqu\u00ed podr\u00e1s consultar nuestra carta y descubrir las creaciones que tenemos para t\u00ed...\" \/>\n<meta property=\"og:url\" content=\"http:\/\/llamber.com\/fre\/menu-grupos-navidad\/\" \/>\n<meta property=\"og:site_name\" content=\"Taberna Llamber\" \/>\n<meta property=\"article:publisher\" content=\"https:\/\/es-es.facebook.com\/llamberbarcelona\/\" \/>\n<meta property=\"article:modified_time\" content=\"2023-12-14T16:13:21+00:00\" \/>\n<meta name=\"twitter:card\" content=\"summary_large_image\" \/>\n<meta name=\"twitter:label1\" content=\"Dur\u00e9e de lecture estim\u00e9e\" \/>\n\t<meta name=\"twitter:data1\" content=\"1 minute\" \/>\n<script type=\"application\/ld+json\" class=\"yoast-schema-graph\">{\"@context\":\"https:\/\/schema.org\",\"@graph\":[{\"@type\":\"WebPage\",\"@id\":\"https:\/\/llamber.com\/menu-grupos-navidad\/\",\"url\":\"https:\/\/llamber.com\/menu-grupos-navidad\/\",\"name\":\"Llamber - Men\u00fa grupos Navidad\",\"isPartOf\":{\"@id\":\"https:\/\/llamber.com\/#website\"},\"datePublished\":\"2023-12-14T15:21:17+00:00\",\"dateModified\":\"2023-12-14T16:13:21+00:00\",\"description\":\"Desde aqu\u00ed podr\u00e1s consultar nuestra carta y descubrir las creaciones que tenemos para t\u00ed...\",\"breadcrumb\":{\"@id\":\"https:\/\/llamber.com\/menu-grupos-navidad\/#breadcrumb\"},\"inLanguage\":\"fr-FR\",\"potentialAction\":[{\"@type\":\"ReadAction\",\"target\":[\"https:\/\/llamber.com\/menu-grupos-navidad\/\"]}]},{\"@type\":\"BreadcrumbList\",\"@id\":\"https:\/\/llamber.com\/menu-grupos-navidad\/#breadcrumb\",\"itemListElement\":[{\"@type\":\"ListItem\",\"position\":1,\"name\":\"Portada\",\"item\":\"https:\/\/llamber.com\/\"},{\"@type\":\"ListItem\",\"position\":2,\"name\":\"Men\u00fa grupos Navidad\"}]},{\"@type\":\"WebSite\",\"@id\":\"https:\/\/llamber.com\/#website\",\"url\":\"https:\/\/llamber.com\/\",\"name\":\"Taberna Llamber\",\"description\":\"Restaurante asturiano en Barcelona\",\"publisher\":{\"@id\":\"https:\/\/llamber.com\/#organization\"},\"potentialAction\":[{\"@type\":\"SearchAction\",\"target\":{\"@type\":\"EntryPoint\",\"urlTemplate\":\"https:\/\/llamber.com\/?s={search_term_string}\"},\"query-input\":\"required name=search_term_string\"}],\"inLanguage\":\"fr-FR\"},{\"@type\":\"Organization\",\"@id\":\"https:\/\/llamber.com\/#organization\",\"name\":\"Taberna Llamber\",\"url\":\"https:\/\/llamber.com\/\",\"logo\":{\"@type\":\"ImageObject\",\"inLanguage\":\"fr-FR\",\"@id\":\"https:\/\/llamber.com\/#\/schema\/logo\/image\/\",\"url\":\"https:\/\/llamber.com\/wp-content\/uploads\/2022\/06\/cropped-logo-llamber.png\",\"contentUrl\":\"https:\/\/llamber.com\/wp-content\/uploads\/2022\/06\/cropped-logo-llamber.png\",\"width\":447,\"height\":150,\"caption\":\"Taberna Llamber\"},\"image\":{\"@id\":\"https:\/\/llamber.com\/#\/schema\/logo\/image\/\"},\"sameAs\":[\"https:\/\/es-es.facebook.com\/llamberbarcelona\/\",\"https:\/\/www.instagram.com\/llamber_restaurant_barcelona\/?hl=es\"]}]}<\/script>\n<!-- \/ Yoast SEO plugin. -->","yoast_head_json":{"title":"Llamber - Men\u00fa grupos Navidad","description":"Desde aqu\u00ed podr\u00e1s consultar nuestra carta y descubrir las creaciones que tenemos para t\u00ed...","robots":{"index":"index","follow":"follow","max-snippet":"max-snippet:-1","max-image-preview":"max-image-preview:large","max-video-preview":"max-video-preview:-1"},"canonical":"http:\/\/llamber.com\/fre\/menu-grupos-navidad\/","og_locale":"fr_FR","og_type":"article","og_title":"Llamber - Men\u00fa grupos Navidad","og_description":"Desde aqu\u00ed podr\u00e1s consultar nuestra carta y descubrir las creaciones que tenemos para t\u00ed...","og_url":"http:\/\/llamber.com\/fre\/menu-grupos-navidad\/","og_site_name":"Taberna Llamber","article_publisher":"https:\/\/es-es.facebook.com\/llamberbarcelona\/","article_modified_time":"2023-12-14T16:13:21+00:00","twitter_card":"summary_large_image","twitter_misc":{"Dur\u00e9e de lecture estim\u00e9e":"1 minute"},"schema":{"@context":"https:\/\/schema.org","@graph":[{"@type":"WebPage","@id":"https:\/\/llamber.com\/menu-grupos-navidad\/","url":"https:\/\/llamber.com\/menu-grupos-navidad\/","name":"Llamber - Men\u00fa grupos Navidad","isPartOf":{"@id":"https:\/\/llamber.com\/#website"},"datePublished":"2023-12-14T15:21:17+00:00","dateModified":"2023-12-14T16:13:21+00:00","description":"Desde aqu\u00ed podr\u00e1s consultar nuestra carta y descubrir las creaciones que tenemos para t\u00ed...","breadcrumb":{"@id":"https:\/\/llamber.com\/menu-grupos-navidad\/#breadcrumb"},"inLanguage":"fr-FR","potentialAction":[{"@type":"ReadAction","target":["https:\/\/llamber.com\/menu-grupos-navidad\/"]}]},{"@type":"BreadcrumbList","@id":"https:\/\/llamber.com\/menu-grupos-navidad\/#breadcrumb","itemListElement":[{"@type":"ListItem","position":1,"name":"Portada","item":"https:\/\/llamber.com\/"},{"@type":"ListItem","position":2,"name":"Men\u00fa grupos Navidad"}]},{"@type":"WebSite","@id":"https:\/\/llamber.com\/#website","url":"https:\/\/llamber.com\/","name":"Taberna Llamber","description":"Restaurante asturiano en Barcelona","publisher":{"@id":"https:\/\/llamber.com\/#organization"},"potentialAction":[{"@type":"SearchAction","target":{"@type":"EntryPoint","urlTemplate":"https:\/\/llamber.com\/?s={search_term_string}"},"query-input":"required name=search_term_string"}],"inLanguage":"fr-FR"},{"@type":"Organization","@id":"https:\/\/llamber.com\/#organization","name":"Taberna Llamber","url":"https:\/\/llamber.com\/","logo":{"@type":"ImageObject","inLanguage":"fr-FR","@id":"https:\/\/llamber.com\/#\/schema\/logo\/image\/","url":"https:\/\/llamber.com\/wp-content\/uploads\/2022\/06\/cropped-logo-llamber.png","contentUrl":"https:\/\/llamber.com\/wp-content\/uploads\/2022\/06\/cropped-logo-llamber.png","width":447,"height":150,"caption":"Taberna Llamber"},"image":{"@id":"https:\/\/llamber.com\/#\/schema\/logo\/image\/"},"sameAs":["https:\/\/es-es.facebook.com\/llamberbarcelona\/","https:\/\/www.instagram.com\/llamber_restaurant_barcelona\/?hl=es"]}]}},"_links":{"self":[{"href":"http:\/\/llamber.com\/fre\/wp-json\/wp\/v2\/pages\/2689"}],"collection":[{"href":"http:\/\/llamber.com\/fre\/wp-json\/wp\/v2\/pages"}],"about":[{"href":"http:\/\/llamber.com\/fre\/wp-json\/wp\/v2\/types\/page"}],"author":[{"embeddable":true,"href":"http:\/\/llamber.com\/fre\/wp-json\/wp\/v2\/users\/4"}],"replies":[{"embeddable":true,"href":"http:\/\/llamber.com\/fre\/wp-json\/wp\/v2\/comments?post=2689"}],"version-history":[{"count":28,"href":"http:\/\/llamber.com\/fre\/wp-json\/wp\/v2\/pages\/2689\/revisions"}],"predecessor-version":[{"id":2722,"href":"http:\/\/llamber.com\/fre\/wp-json\/wp\/v2\/pages\/2689\/revisions\/2722"}],"wp:attachment":[{"href":"http:\/\/llamber.com\/fre\/wp-json\/wp\/v2\/media?parent=2689"}],"curies":[{"name":"wp","href":"https:\/\/api.w.org\/{rel}","templated":true}]}}