{"id":2619,"date":"2023-12-13T21:56:02","date_gmt":"2023-12-13T20:56:02","guid":{"rendered":"https:\/\/llamber.com\/?page_id=2619"},"modified":"2024-03-01T12:15:49","modified_gmt":"2024-03-01T11:15:49","slug":"menu-degustacion-fin-de-ano","status":"publish","type":"page","link":"http:\/\/llamber.com\/eng\/menu-degustacion-fin-de-ano\/","title":{"rendered":"Men\u00fa degustaci\u00f3n Fin de A\u00f1o"},"content":{"rendered":"<div data-elementor-type=\"wp-page\" data-elementor-id=\"2619\" class=\"elementor elementor-2619\">\n\t\t\t\t\t\t<section class=\"elementor-section elementor-top-section elementor-element elementor-element-3147fc7b elementor-section-height-min-height elementor-section-boxed elementor-section-height-default elementor-section-items-middle\" data-id=\"3147fc7b\" data-element_type=\"section\" data-settings=\"{&quot;background_background&quot;:&quot;classic&quot;}\">\n\t\t\t\t\t\t<div class=\"elementor-container elementor-column-gap-default\">\n\t\t\t\t\t<div class=\"elementor-column elementor-col-100 elementor-top-column elementor-element elementor-element-7e342d1c\" data-id=\"7e342d1c\" data-element_type=\"column\">\n\t\t\t<div class=\"elementor-widget-wrap elementor-element-populated\">\n\t\t\t\t\t\t<div class=\"elementor-element elementor-element-52926f5 elementor-widget elementor-widget-text-editor\" data-id=\"52926f5\" data-element_type=\"widget\" data-widget_type=\"text-editor.default\">\n\t\t\t\t<div class=\"elementor-widget-container\">\n\t\t\t<style>\/*! elementor - v3.22.0 - 24-06-2024 *\/\n.elementor-widget-text-editor.elementor-drop-cap-view-stacked .elementor-drop-cap{background-color:#69727d;color:#fff}.elementor-widget-text-editor.elementor-drop-cap-view-framed .elementor-drop-cap{color:#69727d;border:3px solid;background-color:transparent}.elementor-widget-text-editor:not(.elementor-drop-cap-view-default) .elementor-drop-cap{margin-top:8px}.elementor-widget-text-editor:not(.elementor-drop-cap-view-default) .elementor-drop-cap-letter{width:1em;height:1em}.elementor-widget-text-editor .elementor-drop-cap{float:left;text-align:center;line-height:1;font-size:50px}.elementor-widget-text-editor .elementor-drop-cap-letter{display:inline-block}<\/style>\t\t\t\t<h4 class=\"elementor-heading-title elementor-size-default elementor-inline-editing pen\" style=\"text-align: center;\" contenteditable=\"true\" data-elementor-setting-key=\"title\" data-pen-placeholder=\"Teclea aqu\u00ed...\"><span style=\"font-size: 36pt;\"><span style=\"font-family: bell; color: #999999; font-size: 24pt;\">&#8211;\u00a0 <span style=\"text-decoration: underline;\">LLAMBER TASTING MENU NEW YEAR'S EVE<\/span>\u00a0 &#8211;\n<\/span>\u200b<\/span><\/h4>\n<p style=\"text-align: center;\"><span style=\"font-family: bell; font-size: 22pt; letter-spacing: 10px; color: #959798;\">WELCOME SNACS<\/span><\/p>\t\t\t\t\t\t<\/div>\n\t\t\t\t<\/div>\n\t\t\t\t<div class=\"elementor-element elementor-element-44bc495 elementor-widget elementor-widget-text-editor\" data-id=\"44bc495\" data-element_type=\"widget\" data-widget_type=\"text-editor.default\">\n\t\t\t\t<div class=\"elementor-widget-container\">\n\t\t\t\t\t\t\t<p style=\"text-align: center;\"><span style=\"font-family: bell; font-size: 18pt; color: #959798;\">Parmesan and truffle crispy stick<\/span><\/p>\n<p style=\"text-align: center;\"><span style=\"font-family: bell; font-size: 18pt; color: #959798;\">\u201cPani Puri\u201d stuffed of salmon p\u00e2t\u00e9 with salmon caviar, cr\u00e8me fraiche and fennel<\/span><\/p>\n<p style=\"text-align: center;\"><span style=\"font-family: bell; font-size: 18pt; color: #959798;\">Foie with truffle and caviar<\/span><\/p>\n<p style=\"text-align: center;\"><span style=\"font-family: bell; font-size: 18pt; color: #959798;\">Bluefin tuna tartare cone with avocado\n<\/span><\/p>\n<p style=\"text-align: center;\"><span style=\"font-family: bell; font-size: 18pt; color: #959798;\">Chinese bread fried with King crab and horseradish<\/span><\/p>\t\t\t\t\t\t<\/div>\n\t\t\t\t<\/div>\n\t\t\t\t<div class=\"elementor-element elementor-element-7cb44da elementor-widget elementor-widget-text-editor\" data-id=\"7cb44da\" data-element_type=\"widget\" data-widget_type=\"text-editor.default\">\n\t\t\t\t<div class=\"elementor-widget-container\">\n\t\t\t\t\t\t\t<p style=\"text-align: center;\"><span style=\"font-family: bell; font-size: 22pt; letter-spacing: 10px; color: #959798;\">TASTING MENU<\/em><\/span><\/p>\t\t\t\t\t\t<\/div>\n\t\t\t\t<\/div>\n\t\t\t\t<div class=\"elementor-element elementor-element-3f3e82b elementor-widget elementor-widget-text-editor\" data-id=\"3f3e82b\" data-element_type=\"widget\" data-widget_type=\"text-editor.default\">\n\t\t\t\t<div class=\"elementor-widget-container\">\n\t\t\t\t\t\t\t<p style=\"text-align: center;\"><span style=\"font-family: bell; font-size: 18pt; color: #959798;\">Red shrimp cocktail tribute<\/span><\/p>\n<p style=\"text-align: center;\"><span style=\"font-family: bell; font-size: 18pt; color: #959798;\">Fried oyster with beurre blanc, asturian cider sauce <\/span><\/p>\n<p style=\"text-align: center;\"><span style=\"font-family: bell; font-size: 18pt; color: #959798;\">Cauliflower, hazelnut and passion fruit with sturgeon caviar Nacar\u00ed<\/span><\/p>\n<p style=\"text-align: center;\"><span style=\"font-family: bell; font-size: 18pt; color: #959798;\">Potato gnocchi with white truffle <\/span><\/p>\n<p style=\"text-align: center;\"><span style=\"font-family: bell; font-size: 18pt; color: #959798;\">Lobster cannelloni with amontillado seafood Bisqu\u00e9<\/span><\/p>\n<p style=\"text-align: center;\"><span style=\"font-family: bell; font-size: 18pt; color: #959798;\">Cava sorbet<\/span><\/p>\n<p style=\"text-align: center;\"><span style=\"font-family: bell; font-size: 18pt; color: #959798;\">Timbal de cordero \u201cXisqueta\u201d con mil hojas de calabaza y esp\u00e9culos\n<\/span><\/p>\t\t\t\t\t\t<\/div>\n\t\t\t\t<\/div>\n\t\t\t\t<div class=\"elementor-element elementor-element-cfe77ed elementor-widget elementor-widget-text-editor\" data-id=\"cfe77ed\" data-element_type=\"widget\" data-widget_type=\"text-editor.default\">\n\t\t\t\t<div class=\"elementor-widget-container\">\n\t\t\t\t\t\t\t<p style=\"text-align: center;\"><span style=\"font-family: bell; font-size: 22pt; letter-spacing: 10px; color: #959798;\">DESSERT<\/span><\/p>\t\t\t\t\t\t<\/div>\n\t\t\t\t<\/div>\n\t\t\t\t<div class=\"elementor-element elementor-element-5aeb017 elementor-widget elementor-widget-text-editor\" data-id=\"5aeb017\" data-element_type=\"widget\" data-widget_type=\"text-editor.default\">\n\t\t\t\t<div class=\"elementor-widget-container\">\n\t\t\t\t\t\t\t<p style=\"text-align: center;\"><span style=\"font-family: bell; font-size: 18pt; color: #959798;\">White chocolate with truffle<\/span><\/p>\t\t\t\t\t\t<\/div>\n\t\t\t\t<\/div>\n\t\t\t\t<div class=\"elementor-element elementor-element-2540e2f elementor-widget elementor-widget-text-editor\" data-id=\"2540e2f\" data-element_type=\"widget\" data-widget_type=\"text-editor.default\">\n\t\t\t\t<div class=\"elementor-widget-container\">\n\t\t\t\t\t\t\t<p style=\"text-align: center;\"><span style=\"font-family: bell; font-size: 22pt; letter-spacing: 10px; color: #959798;\">DULCES<\/span><\/p>\t\t\t\t\t\t<\/div>\n\t\t\t\t<\/div>\n\t\t\t\t<div class=\"elementor-element elementor-element-a617f32 elementor-widget elementor-widget-text-editor\" data-id=\"a617f32\" data-element_type=\"widget\" data-widget_type=\"text-editor.default\">\n\t\t\t\t<div class=\"elementor-widget-container\">\n\t\t\t\t\t\t\t<p style=\"text-align: center;\"><span style=\"font-family: bell; font-size: 18pt; color: #959798;\">Neules y turrones <\/span><\/p>\t\t\t\t\t\t<\/div>\n\t\t\t\t<\/div>\n\t\t\t\t<div class=\"elementor-element elementor-element-441ad66 elementor-widget elementor-widget-text-editor\" data-id=\"441ad66\" data-element_type=\"widget\" data-widget_type=\"text-editor.default\">\n\t\t\t\t<div class=\"elementor-widget-container\">\n\t\t\t\t\t\t\t<p style=\"text-align: center;\"><span style=\"font-family: bell; font-size: 36pt; letter-spacing: 1px; color: #959798;\">150\u20ac<\/span><\/p>\n<p style=\"text-align: center;\"><span style=\"font-family: bell; font-size: 36pt; letter-spacing: 1px; color: #959798;\"><em><span style=\"font-size: 18pt;\">per person\n<\/span><\/em><\/span><\/p>\t\t\t\t\t\t<\/div>\n\t\t\t\t<\/div>\n\t\t\t\t<div class=\"elementor-element elementor-element-85db553 elementor-widget elementor-widget-text-editor\" data-id=\"85db553\" data-element_type=\"widget\" data-widget_type=\"text-editor.default\">\n\t\t\t\t<div class=\"elementor-widget-container\">\n\t\t\t\t\t\t\t<h4 class=\"elementor-heading-title elementor-size-default elementor-inline-editing pen\" style=\"text-align: center;\" contenteditable=\"true\" data-elementor-setting-key=\"title\" data-pen-placeholder=\"Teclea aqu\u00ed...\"><span style=\"font-size: 36pt;\"><span style=\"font-family: bell; color: #999999; font-size: 24pt;\">&#8211;\u00a0 <span style=\"text-decoration: underline;\">MARIDAJE CENA FIN DE A\u00d1O<\/span>\u00a0 &#8211;<br \/><\/span>\u200b<\/span><\/h4><p style=\"text-align: center;\"><span style=\"font-family: bell; font-size: 22pt; letter-spacing: 10px; color: #959798;\">COCTEL DE BIENVENIDA <\/span><\/p>\t\t\t\t\t\t<\/div>\n\t\t\t\t<\/div>\n\t\t\t\t<div class=\"elementor-element elementor-element-571427d elementor-widget elementor-widget-text-editor\" data-id=\"571427d\" data-element_type=\"widget\" data-widget_type=\"text-editor.default\">\n\t\t\t\t<div class=\"elementor-widget-container\">\n\t\t\t\t\t\t\t<p style=\"text-align: center;\"><span style=\"font-family: bell; font-size: 18pt; color: #959798;\">Creado por nuestro coctelero<\/span><\/p>\t\t\t\t\t\t<\/div>\n\t\t\t\t<\/div>\n\t\t\t\t<div class=\"elementor-element elementor-element-7ad9575 elementor-widget elementor-widget-text-editor\" data-id=\"7ad9575\" data-element_type=\"widget\" data-widget_type=\"text-editor.default\">\n\t\t\t\t<div class=\"elementor-widget-container\">\n\t\t\t\t\t\t\t<p style=\"text-align: center;\"><span style=\"font-family: bell; font-size: 22pt; letter-spacing: 10px; color: #959798;\">ROS\u00c9 WINE<\/span><\/p>\t\t\t\t\t\t<\/div>\n\t\t\t\t<\/div>\n\t\t\t\t<div class=\"elementor-element elementor-element-555682d elementor-widget elementor-widget-text-editor\" data-id=\"555682d\" data-element_type=\"widget\" data-widget_type=\"text-editor.default\">\n\t\t\t\t<div class=\"elementor-widget-container\">\n\t\t\t\t\t\t\t<p style=\"text-align: center;\"><span style=\"font-family: bell; font-size: 18pt; color: #959798;\">Symphonie Rose 2022, A.O.C , C\u00f4tes de Provence<\/span><\/p>\t\t\t\t\t\t<\/div>\n\t\t\t\t<\/div>\n\t\t\t\t<div class=\"elementor-element elementor-element-5833cdb elementor-widget elementor-widget-text-editor\" data-id=\"5833cdb\" data-element_type=\"widget\" data-widget_type=\"text-editor.default\">\n\t\t\t\t<div class=\"elementor-widget-container\">\n\t\t\t\t\t\t\t<p style=\"text-align: center;\"><span style=\"font-family: bell; font-size: 22pt; letter-spacing: 10px; color: #959798;\">RED WINE<\/span><\/p>\t\t\t\t\t\t<\/div>\n\t\t\t\t<\/div>\n\t\t\t\t<div class=\"elementor-element elementor-element-6f530f9 elementor-widget elementor-widget-text-editor\" data-id=\"6f530f9\" data-element_type=\"widget\" data-widget_type=\"text-editor.default\">\n\t\t\t\t<div class=\"elementor-widget-container\">\n\t\t\t\t\t\t\t<p style=\"text-align: center;\"><span style=\"font-family: bell; font-size: 18pt; color: #959798;\">Ysios Blanco 2021, D.O.CA;  Rioja <\/span><\/p>\t\t\t\t\t\t<\/div>\n\t\t\t\t<\/div>\n\t\t\t\t<div class=\"elementor-element elementor-element-2f4684f elementor-widget elementor-widget-text-editor\" data-id=\"2f4684f\" data-element_type=\"widget\" data-widget_type=\"text-editor.default\">\n\t\t\t\t<div class=\"elementor-widget-container\">\n\t\t\t\t\t\t\t<p style=\"text-align: center;\"><span style=\"font-family: bell; font-size: 22pt; letter-spacing: 10px; color: #959798;\">VINO TINTO<\/span><\/p>\t\t\t\t\t\t<\/div>\n\t\t\t\t<\/div>\n\t\t\t\t<div class=\"elementor-element elementor-element-98995d0 elementor-widget elementor-widget-text-editor\" data-id=\"98995d0\" data-element_type=\"widget\" data-widget_type=\"text-editor.default\">\n\t\t\t\t<div class=\"elementor-widget-container\">\n\t\t\t\t\t\t\t<p style=\"text-align: center;\"><span style=\"font-family: bell; font-size: 18pt; color: #959798;\">Tarsus crianza 2020, D.O.P. Ribera del Duero<\/span><\/p>\t\t\t\t\t\t<\/div>\n\t\t\t\t<\/div>\n\t\t\t\t<div class=\"elementor-element elementor-element-b91221d elementor-widget elementor-widget-text-editor\" data-id=\"b91221d\" data-element_type=\"widget\" data-widget_type=\"text-editor.default\">\n\t\t\t\t<div class=\"elementor-widget-container\">\n\t\t\t\t\t\t\t<p style=\"text-align: center;\"><span style=\"font-family: bell; font-size: 22pt; letter-spacing: 10px; color: #959798;\">CHAMPAGNE<\/span><\/p>\t\t\t\t\t\t<\/div>\n\t\t\t\t<\/div>\n\t\t\t\t<div class=\"elementor-element elementor-element-45e4e6f elementor-widget elementor-widget-text-editor\" data-id=\"45e4e6f\" data-element_type=\"widget\" data-widget_type=\"text-editor.default\">\n\t\t\t\t<div class=\"elementor-widget-container\">\n\t\t\t\t\t\t\t<p style=\"text-align: center;\"><span style=\"font-family: bell; font-size: 18pt; color: #959798;\">Perrier jou\u00ebt Grand Brut A.O.C.; Champagne<\/span><\/p>\t\t\t\t\t\t<\/div>\n\t\t\t\t<\/div>\n\t\t\t\t<div class=\"elementor-element elementor-element-903003a elementor-widget elementor-widget-text-editor\" data-id=\"903003a\" data-element_type=\"widget\" data-widget_type=\"text-editor.default\">\n\t\t\t\t<div class=\"elementor-widget-container\">\n\t\t\t\t\t\t\t<p style=\"text-align: center;\"><span style=\"font-family: bell; font-size: 36pt; letter-spacing: 1px; color: #959798;\">50\u20ac<\/span><\/p>\n<p style=\"text-align: center;\"><span style=\"font-family: bell; font-size: 36pt; letter-spacing: 1px; color: #959798;\"><em><span style=\"font-size: 18pt;\">per person\n<\/span><\/em><\/span><\/p>\t\t\t\t\t\t<\/div>\n\t\t\t\t<\/div>\n\t\t\t\t\t<\/div>\n\t\t<\/div>\n\t\t\t\t\t<\/div>\n\t\t<\/section>\n\t\t\t\t<section class=\"elementor-section elementor-inner-section elementor-element elementor-element-21e6527f menu-list elementor-section-height-min-height elementor-section-boxed elementor-section-height-default\" data-id=\"21e6527f\" data-element_type=\"section\" data-settings=\"{&quot;background_background&quot;:&quot;classic&quot;}\">\n\t\t\t\t\t\t<div class=\"elementor-container elementor-column-gap-default\">\n\t\t\t\t\t<div class=\"elementor-column elementor-col-100 elementor-inner-column elementor-element elementor-element-2e73314\" data-id=\"2e73314\" data-element_type=\"column\">\n\t\t\t<div class=\"elementor-widget-wrap\">\n\t\t\t\t\t\t\t<\/div>\n\t\t<\/div>\n\t\t\t\t\t<\/div>\n\t\t<\/section>\n\t\t\t\t<section class=\"elementor-section elementor-top-section elementor-element elementor-element-1eeb3407 elementor-section-boxed elementor-section-height-default elementor-section-height-default\" data-id=\"1eeb3407\" data-element_type=\"section\" data-settings=\"{&quot;background_background&quot;:&quot;classic&quot;}\">\n\t\t\t\t\t\t<div class=\"elementor-container elementor-column-gap-default\">\n\t\t\t\t\t<div class=\"elementor-column elementor-col-100 elementor-top-column elementor-element elementor-element-23ee0d1a\" data-id=\"23ee0d1a\" data-element_type=\"column\">\n\t\t\t<div class=\"elementor-widget-wrap elementor-element-populated\">\n\t\t\t\t\t\t<section class=\"elementor-section elementor-inner-section elementor-element elementor-element-5fa466d0 elementor-section-boxed elementor-section-height-default elementor-section-height-default\" data-id=\"5fa466d0\" data-element_type=\"section\">\n\t\t\t\t\t\t<div class=\"elementor-container elementor-column-gap-default\">\n\t\t\t\t\t<div class=\"elementor-column elementor-col-33 elementor-inner-column elementor-element elementor-element-feed19e\" data-id=\"feed19e\" data-element_type=\"column\">\n\t\t\t<div class=\"elementor-widget-wrap elementor-element-populated\">\n\t\t\t\t\t\t<div class=\"elementor-element elementor-element-1bd3c51b elementor-widget elementor-widget-text-editor\" data-id=\"1bd3c51b\" data-element_type=\"widget\" data-widget_type=\"text-editor.default\">\n\t\t\t\t<div class=\"elementor-widget-container\">\n\t\t\t\t\t\t\t<p style=\"text-align: center;\"><span style=\"font-family: bell; color: #454545;\"><a style=\"color: #454545;\" href=\"https:\/\/llamber.com\/aviso-legal\/\">LEGAL WARNING<\/a><\/span><\/p>\t\t\t\t\t\t<\/div>\n\t\t\t\t<\/div>\n\t\t\t\t\t<\/div>\n\t\t<\/div>\n\t\t\t\t<div class=\"elementor-column elementor-col-33 elementor-inner-column elementor-element elementor-element-4be6e92e\" data-id=\"4be6e92e\" data-element_type=\"column\">\n\t\t\t<div class=\"elementor-widget-wrap elementor-element-populated\">\n\t\t\t\t\t\t<div class=\"elementor-element elementor-element-44a5227f elementor-widget elementor-widget-text-editor\" data-id=\"44a5227f\" data-element_type=\"widget\" data-widget_type=\"text-editor.default\">\n\t\t\t\t<div class=\"elementor-widget-container\">\n\t\t\t\t\t\t\t<p style=\"text-align: center;\"><a href=\"https:\/\/llamber.com\/politica-de-cookies\/\"><span style=\"font-family: bell; color: #454545;\">COOKIES POLICY<\/span><\/a><\/p>\t\t\t\t\t\t<\/div>\n\t\t\t\t<\/div>\n\t\t\t\t\t<\/div>\n\t\t<\/div>\n\t\t\t\t<div class=\"elementor-column elementor-col-33 elementor-inner-column elementor-element elementor-element-9a70e0b\" data-id=\"9a70e0b\" data-element_type=\"column\">\n\t\t\t<div class=\"elementor-widget-wrap elementor-element-populated\">\n\t\t\t\t\t\t<div class=\"elementor-element elementor-element-62d7c1d2 elementor-widget elementor-widget-text-editor\" data-id=\"62d7c1d2\" data-element_type=\"widget\" data-widget_type=\"text-editor.default\">\n\t\t\t\t<div class=\"elementor-widget-container\">\n\t\t\t\t\t\t\t<p style=\"text-align: center;\"><span style=\"color: #454545;\"><a style=\"color: #454545;\" href=\"https:\/\/llamber.com\/politica-de-privacidad\/\"><span style=\"font-family: bell;\">PRIVACY POLICY<\/span><\/a><\/span><\/p>\t\t\t\t\t\t<\/div>\n\t\t\t\t<\/div>\n\t\t\t\t\t<\/div>\n\t\t<\/div>\n\t\t\t\t\t<\/div>\n\t\t<\/section>\n\t\t\t\t\t<\/div>\n\t\t<\/div>\n\t\t\t\t\t<\/div>\n\t\t<\/section>\n\t\t\t\t<\/div>","protected":false},"excerpt":{"rendered":"<p>&#8211;\u00a0 MEN\u00da DEGUSTACI\u00d3N FIN DE A\u00d1O\u00a0 &#8211; \u200b SNACKS DE BIENVENIDA Porra de parmesano trufada Pan y Puri de pate de salm\u00f3n y caviar de salm\u00f3n, crema fresca e hinojo Foie con trufa y ma\u00edz Cono de tartar de at\u00fan salvaje con aguacate Pan chino frito con cangrejo real y crema de r\u00e1bano picante MEN\u00da&#8230;<\/p>","protected":false},"author":4,"featured_media":0,"parent":0,"menu_order":0,"comment_status":"closed","ping_status":"closed","template":"elementor_header_footer","meta":{"_links_to":"","_links_to_target":""},"yoast_head":"<!-- This site is optimized with the Yoast SEO plugin v20.6 - https:\/\/yoast.com\/wordpress\/plugins\/seo\/ -->\n<title>Llamber - Men\u00fa degustaci\u00f3n Fin de A\u00f1o<\/title>\n<meta name=\"description\" content=\"Desde aqu\u00ed podr\u00e1s consultar nuestra carta y descubrir las creaciones que tenemos para t\u00ed...\" \/>\n<meta name=\"robots\" content=\"index, follow, max-snippet:-1, max-image-preview:large, max-video-preview:-1\" \/>\n<link rel=\"canonical\" href=\"http:\/\/llamber.com\/eng\/menu-degustacion-fin-de-ano\/\" \/>\n<meta property=\"og:locale\" content=\"en_GB\" \/>\n<meta property=\"og:type\" content=\"article\" \/>\n<meta property=\"og:title\" content=\"Llamber - Men\u00fa degustaci\u00f3n Fin de A\u00f1o\" \/>\n<meta property=\"og:description\" content=\"Desde aqu\u00ed podr\u00e1s consultar nuestra carta y descubrir las creaciones que tenemos para t\u00ed...\" \/>\n<meta property=\"og:url\" content=\"http:\/\/llamber.com\/eng\/menu-degustacion-fin-de-ano\/\" \/>\n<meta property=\"og:site_name\" content=\"Taberna Llamber\" \/>\n<meta property=\"article:publisher\" content=\"https:\/\/es-es.facebook.com\/llamberbarcelona\/\" \/>\n<meta property=\"article:modified_time\" content=\"2024-03-01T11:15:49+00:00\" \/>\n<meta name=\"twitter:card\" content=\"summary_large_image\" \/>\n<meta name=\"twitter:label1\" content=\"Estimated reading time\" \/>\n\t<meta name=\"twitter:data1\" content=\"1 minute\" \/>\n<script type=\"application\/ld+json\" class=\"yoast-schema-graph\">{\"@context\":\"https:\/\/schema.org\",\"@graph\":[{\"@type\":\"WebPage\",\"@id\":\"https:\/\/llamber.com\/menu-degustacion-fin-de-ano\/\",\"url\":\"https:\/\/llamber.com\/menu-degustacion-fin-de-ano\/\",\"name\":\"Llamber - Men\u00fa degustaci\u00f3n Fin de A\u00f1o\",\"isPartOf\":{\"@id\":\"https:\/\/llamber.com\/#website\"},\"datePublished\":\"2023-12-13T20:56:02+00:00\",\"dateModified\":\"2024-03-01T11:15:49+00:00\",\"description\":\"Desde aqu\u00ed podr\u00e1s consultar nuestra carta y descubrir las creaciones que tenemos para t\u00ed...\",\"breadcrumb\":{\"@id\":\"https:\/\/llamber.com\/menu-degustacion-fin-de-ano\/#breadcrumb\"},\"inLanguage\":\"en-GB\",\"potentialAction\":[{\"@type\":\"ReadAction\",\"target\":[\"https:\/\/llamber.com\/menu-degustacion-fin-de-ano\/\"]}]},{\"@type\":\"BreadcrumbList\",\"@id\":\"https:\/\/llamber.com\/menu-degustacion-fin-de-ano\/#breadcrumb\",\"itemListElement\":[{\"@type\":\"ListItem\",\"position\":1,\"name\":\"Portada\",\"item\":\"https:\/\/llamber.com\/\"},{\"@type\":\"ListItem\",\"position\":2,\"name\":\"Men\u00fa degustaci\u00f3n Fin de A\u00f1o\"}]},{\"@type\":\"WebSite\",\"@id\":\"https:\/\/llamber.com\/#website\",\"url\":\"https:\/\/llamber.com\/\",\"name\":\"Taberna Llamber\",\"description\":\"Restaurante asturiano en Barcelona\",\"publisher\":{\"@id\":\"https:\/\/llamber.com\/#organization\"},\"potentialAction\":[{\"@type\":\"SearchAction\",\"target\":{\"@type\":\"EntryPoint\",\"urlTemplate\":\"https:\/\/llamber.com\/?s={search_term_string}\"},\"query-input\":\"required name=search_term_string\"}],\"inLanguage\":\"en-GB\"},{\"@type\":\"Organization\",\"@id\":\"https:\/\/llamber.com\/#organization\",\"name\":\"Taberna Llamber\",\"url\":\"https:\/\/llamber.com\/\",\"logo\":{\"@type\":\"ImageObject\",\"inLanguage\":\"en-GB\",\"@id\":\"https:\/\/llamber.com\/#\/schema\/logo\/image\/\",\"url\":\"https:\/\/llamber.com\/wp-content\/uploads\/2022\/06\/cropped-logo-llamber.png\",\"contentUrl\":\"https:\/\/llamber.com\/wp-content\/uploads\/2022\/06\/cropped-logo-llamber.png\",\"width\":447,\"height\":150,\"caption\":\"Taberna Llamber\"},\"image\":{\"@id\":\"https:\/\/llamber.com\/#\/schema\/logo\/image\/\"},\"sameAs\":[\"https:\/\/es-es.facebook.com\/llamberbarcelona\/\",\"https:\/\/www.instagram.com\/llamber_restaurant_barcelona\/?hl=es\"]}]}<\/script>\n<!-- \/ Yoast SEO plugin. -->","yoast_head_json":{"title":"Llamber - Men\u00fa degustaci\u00f3n Fin de A\u00f1o","description":"Desde aqu\u00ed podr\u00e1s consultar nuestra carta y descubrir las creaciones que tenemos para t\u00ed...","robots":{"index":"index","follow":"follow","max-snippet":"max-snippet:-1","max-image-preview":"max-image-preview:large","max-video-preview":"max-video-preview:-1"},"canonical":"http:\/\/llamber.com\/eng\/menu-degustacion-fin-de-ano\/","og_locale":"en_GB","og_type":"article","og_title":"Llamber - Men\u00fa degustaci\u00f3n Fin de A\u00f1o","og_description":"Desde aqu\u00ed podr\u00e1s consultar nuestra carta y descubrir las creaciones que tenemos para t\u00ed...","og_url":"http:\/\/llamber.com\/eng\/menu-degustacion-fin-de-ano\/","og_site_name":"Taberna Llamber","article_publisher":"https:\/\/es-es.facebook.com\/llamberbarcelona\/","article_modified_time":"2024-03-01T11:15:49+00:00","twitter_card":"summary_large_image","twitter_misc":{"Estimated reading time":"1 minute"},"schema":{"@context":"https:\/\/schema.org","@graph":[{"@type":"WebPage","@id":"https:\/\/llamber.com\/menu-degustacion-fin-de-ano\/","url":"https:\/\/llamber.com\/menu-degustacion-fin-de-ano\/","name":"Llamber - Men\u00fa degustaci\u00f3n Fin de A\u00f1o","isPartOf":{"@id":"https:\/\/llamber.com\/#website"},"datePublished":"2023-12-13T20:56:02+00:00","dateModified":"2024-03-01T11:15:49+00:00","description":"Desde aqu\u00ed podr\u00e1s consultar nuestra carta y descubrir las creaciones que tenemos para t\u00ed...","breadcrumb":{"@id":"https:\/\/llamber.com\/menu-degustacion-fin-de-ano\/#breadcrumb"},"inLanguage":"en-GB","potentialAction":[{"@type":"ReadAction","target":["https:\/\/llamber.com\/menu-degustacion-fin-de-ano\/"]}]},{"@type":"BreadcrumbList","@id":"https:\/\/llamber.com\/menu-degustacion-fin-de-ano\/#breadcrumb","itemListElement":[{"@type":"ListItem","position":1,"name":"Portada","item":"https:\/\/llamber.com\/"},{"@type":"ListItem","position":2,"name":"Men\u00fa degustaci\u00f3n Fin de A\u00f1o"}]},{"@type":"WebSite","@id":"https:\/\/llamber.com\/#website","url":"https:\/\/llamber.com\/","name":"Taberna Llamber","description":"Restaurante asturiano en Barcelona","publisher":{"@id":"https:\/\/llamber.com\/#organization"},"potentialAction":[{"@type":"SearchAction","target":{"@type":"EntryPoint","urlTemplate":"https:\/\/llamber.com\/?s={search_term_string}"},"query-input":"required name=search_term_string"}],"inLanguage":"en-GB"},{"@type":"Organization","@id":"https:\/\/llamber.com\/#organization","name":"Taberna Llamber","url":"https:\/\/llamber.com\/","logo":{"@type":"ImageObject","inLanguage":"en-GB","@id":"https:\/\/llamber.com\/#\/schema\/logo\/image\/","url":"https:\/\/llamber.com\/wp-content\/uploads\/2022\/06\/cropped-logo-llamber.png","contentUrl":"https:\/\/llamber.com\/wp-content\/uploads\/2022\/06\/cropped-logo-llamber.png","width":447,"height":150,"caption":"Taberna Llamber"},"image":{"@id":"https:\/\/llamber.com\/#\/schema\/logo\/image\/"},"sameAs":["https:\/\/es-es.facebook.com\/llamberbarcelona\/","https:\/\/www.instagram.com\/llamber_restaurant_barcelona\/?hl=es"]}]}},"_links":{"self":[{"href":"http:\/\/llamber.com\/eng\/wp-json\/wp\/v2\/pages\/2619"}],"collection":[{"href":"http:\/\/llamber.com\/eng\/wp-json\/wp\/v2\/pages"}],"about":[{"href":"http:\/\/llamber.com\/eng\/wp-json\/wp\/v2\/types\/page"}],"author":[{"embeddable":true,"href":"http:\/\/llamber.com\/eng\/wp-json\/wp\/v2\/users\/4"}],"replies":[{"embeddable":true,"href":"http:\/\/llamber.com\/eng\/wp-json\/wp\/v2\/comments?post=2619"}],"version-history":[{"count":74,"href":"http:\/\/llamber.com\/eng\/wp-json\/wp\/v2\/pages\/2619\/revisions"}],"predecessor-version":[{"id":3366,"href":"http:\/\/llamber.com\/eng\/wp-json\/wp\/v2\/pages\/2619\/revisions\/3366"}],"wp:attachment":[{"href":"http:\/\/llamber.com\/eng\/wp-json\/wp\/v2\/media?parent=2619"}],"curies":[{"name":"wp","href":"https:\/\/api.w.org\/{rel}","templated":true}]}}